{"id":390,"date":"2017-04-13T08:27:02","date_gmt":"2017-04-13T08:27:02","guid":{"rendered":"https:\/\/www.auditand.com\/servicios\/"},"modified":"2021-09-30T16:05:12","modified_gmt":"2021-09-30T16:05:12","slug":"servicios","status":"publish","type":"page","link":"https:\/\/www.auditand.com\/es\/servicios\/","title":{"rendered":"Servicios"},"content":{"rendered":"\n<p><\/p>\n\n\n<p>[vc_row bg_color=\u00bb#004b93&#8243; top_padding=\u00bb110&#8243; bottom_padding=\u00bb110&#8243;][vc_column width=\u00bb1\/1&#8243;]<h1 class=\"headline font-inherit fontsize-xxxxl fontweight-700 lh-12 align-left transform-inherit \" style=\"margin: 0; color: #ffffff;\">Auditand<\/h1><h1 class=\"headline font-inherit fontsize-xxxl fontweight-inherit lh-12 align-left transform-inherit \" style=\"margin: 0; color: #ffffff;\">\u00bfNecesita un servicio experto<br \/>\ny personalizado para su empresa?<\/h1><div class=\"headline font-inherit fontsize-m fontweight-300 lh-12 align-left transform-inherit \" style=\"margin: 20px 0 0 0; color: #ffffff;\">Nuestra vocaci\u00f3n es ser su mejor aliado.<\/div>[\/vc_column][\/vc_row]<\/p>\n\n\n\n<div style=\"height:100px\" aria-hidden=\"true\" class=\"wp-block-spacer\"><\/div>\n\n\n<p>[vc_row bottom_padding=\u00bb60&#8243; class=\u00bbserveis_block\u00bb][vc_column width=\u00bb1\/4&#8243;][vc_column_text]<\/p>\n<h4>EXPERIENCIA CONTABLE<\/h4>\n<p>La excelencia en la asesor\u00eda contable requiere la intervenci\u00f3n de expertos cualificados y formados. Somos Expertos Contables.[\/vc_column_text][vc_column_text]<a href=\"https:\/\/www.auditand.com\/es\/serveis\/experiencia-contable\/\" target=\"_self\" class=\"button color-2 medium \" style=\"border-radius: 2px;\">VER SERVICIO<\/a>[\/vc_column_text][\/vc_column][vc_column width=\u00bb1\/4&#8243;][vc_column_text]<\/p>\n<h4>AUDITOR\u00cdA DE CUENTAS<\/h4>\n<p>Actuamos para mejorar la calidad de la informaci\u00f3n financiera y certificamos la imagen fiel de las cuenta anuales de su empresa.<\/p>\n<p>\n[\/vc_column_text][vc_column_text]<a href=\"https:\/\/www.auditand.com\/es\/serveis\/auditoria-de-cuentas\/\" target=\"_self\" class=\"button color-2 medium \" style=\"border-radius: 2px;\">VER SERVICIO<\/a>[\/vc_column_text][\/vc_column][vc_column width=\u00bb1\/4&#8243;][vc_column_text]<\/p>\n<h4>ASESOR\u00cdA&nbsp; FISCAL<\/h4>\n<p>Somos especialistas en fiscalidad local, francesa e internacional. Ofrecemos una visi\u00f3n global a las necesidades de su negocio.<\/p>\n<p>[\/vc_column_text]<div class=\"spacer\" style=\"height: 3px;\"><\/div>[vc_column_text]<a href=\"https:\/\/www.auditand.com\/es\/serveis\/asesoria-fiscal\/\" target=\"_self\" class=\"button color-2 medium \" style=\"border-radius: 2px;\">VER SERVICIO<\/a>[\/vc_column_text][\/vc_column][vc_column width=\u00bb1\/4&#8243;][vc_column_text]<\/p>\n<h4>CONSULTOR\u00cdA<\/h4>\n<p>Le acompa\u00f1amos en los momentos clave de la vida de su negocio: creaci\u00f3n, gesti\u00f3n y transmisi\u00f3n de empresas.[\/vc_column_text]<div class=\"spacer\" style=\"height: 23px;\"><\/div>[vc_column_text]<a href=\"https:\/\/www.auditand.com\/es\/serveis\/consultoria\/\" target=\"_self\" class=\"button color-2 medium \" style=\"border-radius: 2px;\">VER SERVICIO<\/a>[\/vc_column_text][\/vc_column][vc_column][\/vc_column][\/vc_row]<\/p>\n\n\n<p>[vc_row type=\u00bbfull_width_section\u00bb][vc_column bg_color=\u00bb#1d1d1d\u00bb column_padding=\u00bbpadding-5&#8243; column_center=\u00bbtrue\u00bb width=\u00bb1\/2&#8243;]<h1 class=\"headline font-inherit fontsize-xxxl fontweight-600 lh-12 align-left transform-uppercase \" style=\"margin: 0 0 20px 0; color: #004b93;\">ACOMPA\u00d1AMOS<br \/>\nEL <span style=\"color: #ffffff;\">CRECIMIENTO DE SU NEGOCIO<\/span><br \/>\nCON RIGOR, INTEGRIDAD Y TRANSPARENCIA<\/h1>[\/vc_column][vc_column bg_color=\u00bb#004b93&#8243; column_padding=\u00bbpadding-5&#8243; column_center=\u00bbtrue\u00bb text_color=\u00bbcustom\u00bb custom_text_color=\u00bb#ffffff\u00bb width=\u00bb1\/2&#8243;]<div class=\"iconbox  wpb_content_element iconbox-style-2 icon-color-custom color-dark clearfix\"><div class=\"iconbox-icon\"><img src='https:\/\/www.auditand.com\/wp-content\/uploads\/2017\/01\/expert_white.png' class='iconimg' \/><\/div><div class=\"iconbox-content\"><h3>Experiencia<\/h3><p>Nuestro equipo altamente cualificado responde a las problem\u00e1ticas fiscales y contables m\u00e1s complejas, tanto en el \u00e1mbito local como internacional.<\/p><\/div><\/div><div class=\"iconbox  wpb_content_element iconbox-style-2 icon-color-accent color-dark clearfix\"><div class=\"iconbox-icon\"><img src='https:\/\/www.auditand.com\/wp-content\/uploads\/2017\/01\/defense_white.png' class='iconimg' \/><\/div><div class=\"iconbox-content\"><h3>Confianza<\/h3><p>Garantizamos el correcto cumplimiento de sus obligaciones contables y fiscales en Andorra. Damos tranquilidad y proyecci\u00f3n a su negocio.<\/p><\/div><\/div><div class=\"iconbox  wpb_content_element iconbox-style-2 icon-color-accent color-dark clearfix\"><div class=\"iconbox-icon\"><img src='https:\/\/www.auditand.com\/wp-content\/uploads\/2017\/01\/puzzle_white.png' class='iconimg' \/><\/div><div class=\"iconbox-content\"><h3>Adaptabilidad<\/h3><p>Cada proyecto es diferente, igual que las personas. Entre emprendedores nos entendemos.<\/p><\/div><\/div>[\/vc_column][\/vc_row]<\/p>\n\n\n\n<p>[vc_row text_align=\u00bbcenter\u00bb top_padding=\u00bb20&#8243; bottom_padding=\u00bb20&#8243;][vc_column width=\u00bb1\/1&#8243;]<div class=\"callout clearfix\" style=\"background-color:#ffffff; color:#004b93;\">\n\t\t<div class=\"callout-text\">D\u00edganos qu\u00e9 necesita y le ayudaremos.<\/div>\n\t\t\t<div class=\"callout-button\"><a class=\"button medium color-2\" href=\"https:\/\/www.auditand.com\/es\/contacto\/\" target=\"_self\">CONTACTAR AHORA<\/a><\/div>\n\t\t<\/div>[\/vc_column][\/vc_row]<\/p>\n","protected":false},"excerpt":{"rendered":"<p>[vc_row text_align=\u00bbcenter\u00bb top_padding=\u00bb20&#8243; bottom_padding=\u00bb20&#8243;][vc_column width=\u00bb1\/1&#8243;][\/vc_column][\/vc_row]<\/p>\n","protected":false},"author":1,"featured_media":0,"parent":0,"menu_order":0,"comment_status":"closed","ping_status":"closed","template":"","meta":{"footnotes":""},"class_list":["post-390","page","type-page","status-publish","hentry"],"yoast_head":"<!-- This site is optimized with the Yoast SEO Premium plugin v21.8 (Yoast SEO v25.6) - https:\/\/yoast.com\/wordpress\/plugins\/seo\/ -->\n<title>Servicios - Auditand<\/title>\n<meta name=\"robots\" content=\"index, follow, max-snippet:-1, max-image-preview:large, max-video-preview:-1\" \/>\n<link rel=\"canonical\" href=\"https:\/\/www.auditand.com\/es\/servicios\/\" \/>\n<meta property=\"og:locale\" content=\"es_ES\" \/>\n<meta property=\"og:type\" content=\"article\" \/>\n<meta property=\"og:title\" content=\"Servicios\" \/>\n<meta property=\"og:description\" content=\"[vc_row text_align=\u00bbcenter\u00bb top_padding=\u00bb20&#8243; bottom_padding=\u00bb20&#8243;][vc_column width=\u00bb1\/1&#8243;][\/vc_column][\/vc_row]\" \/>\n<meta property=\"og:url\" content=\"https:\/\/www.auditand.com\/es\/servicios\/\" \/>\n<meta property=\"og:site_name\" content=\"Auditand\" \/>\n<meta property=\"article:modified_time\" content=\"2021-09-30T16:05:12+00:00\" \/>\n<meta name=\"twitter:card\" content=\"summary_large_image\" \/>\n<meta name=\"twitter:label1\" content=\"Tiempo de lectura\" \/>\n\t<meta name=\"twitter:data1\" content=\"3 minutos\" \/>\n<script type=\"application\/ld+json\" class=\"yoast-schema-graph\">{\"@context\":\"https:\/\/schema.org\",\"@graph\":[{\"@type\":\"WebPage\",\"@id\":\"https:\/\/www.auditand.com\/es\/servicios\/\",\"url\":\"https:\/\/www.auditand.com\/es\/servicios\/\",\"name\":\"Servicios - Auditand\",\"isPartOf\":{\"@id\":\"https:\/\/www.auditand.com\/#website\"},\"datePublished\":\"2017-04-13T08:27:02+00:00\",\"dateModified\":\"2021-09-30T16:05:12+00:00\",\"breadcrumb\":{\"@id\":\"https:\/\/www.auditand.com\/es\/servicios\/#breadcrumb\"},\"inLanguage\":\"es\",\"potentialAction\":[{\"@type\":\"ReadAction\",\"target\":[\"https:\/\/www.auditand.com\/es\/servicios\/\"]}]},{\"@type\":\"BreadcrumbList\",\"@id\":\"https:\/\/www.auditand.com\/es\/servicios\/#breadcrumb\",\"itemListElement\":[{\"@type\":\"ListItem\",\"position\":1,\"name\":\"Portada\",\"item\":\"https:\/\/www.auditand.com\/en\/\"},{\"@type\":\"ListItem\",\"position\":2,\"name\":\"Servicios\"}]},{\"@type\":\"WebSite\",\"@id\":\"https:\/\/www.auditand.com\/#website\",\"url\":\"https:\/\/www.auditand.com\/\",\"name\":\"Auditand\",\"description\":\"Fiduciaire Leydet\",\"publisher\":{\"@id\":\"https:\/\/www.auditand.com\/#organization\"},\"potentialAction\":[{\"@type\":\"SearchAction\",\"target\":{\"@type\":\"EntryPoint\",\"urlTemplate\":\"https:\/\/www.auditand.com\/?s={search_term_string}\"},\"query-input\":{\"@type\":\"PropertyValueSpecification\",\"valueRequired\":true,\"valueName\":\"search_term_string\"}}],\"inLanguage\":\"es\"},{\"@type\":\"Organization\",\"@id\":\"https:\/\/www.auditand.com\/#organization\",\"name\":\"Auditand\",\"url\":\"https:\/\/www.auditand.com\/\",\"logo\":{\"@type\":\"ImageObject\",\"inLanguage\":\"es\",\"@id\":\"https:\/\/www.auditand.com\/#\/schema\/logo\/image\/\",\"url\":\"https:\/\/www.auditand.com\/wp-content\/uploads\/2017\/01\/logo_auditand-1.png\",\"contentUrl\":\"https:\/\/www.auditand.com\/wp-content\/uploads\/2017\/01\/logo_auditand-1.png\",\"width\":316,\"height\":51,\"caption\":\"Auditand\"},\"image\":{\"@id\":\"https:\/\/www.auditand.com\/#\/schema\/logo\/image\/\"}}]}<\/script>\n<!-- \/ Yoast SEO Premium plugin. -->","yoast_head_json":{"title":"Servicios - Auditand","robots":{"index":"index","follow":"follow","max-snippet":"max-snippet:-1","max-image-preview":"max-image-preview:large","max-video-preview":"max-video-preview:-1"},"canonical":"https:\/\/www.auditand.com\/es\/servicios\/","og_locale":"es_ES","og_type":"article","og_title":"Servicios","og_description":"[vc_row text_align=\u00bbcenter\u00bb top_padding=\u00bb20&#8243; bottom_padding=\u00bb20&#8243;][vc_column width=\u00bb1\/1&#8243;][\/vc_column][\/vc_row]","og_url":"https:\/\/www.auditand.com\/es\/servicios\/","og_site_name":"Auditand","article_modified_time":"2021-09-30T16:05:12+00:00","twitter_card":"summary_large_image","twitter_misc":{"Tiempo de lectura":"3 minutos"},"schema":{"@context":"https:\/\/schema.org","@graph":[{"@type":"WebPage","@id":"https:\/\/www.auditand.com\/es\/servicios\/","url":"https:\/\/www.auditand.com\/es\/servicios\/","name":"Servicios - Auditand","isPartOf":{"@id":"https:\/\/www.auditand.com\/#website"},"datePublished":"2017-04-13T08:27:02+00:00","dateModified":"2021-09-30T16:05:12+00:00","breadcrumb":{"@id":"https:\/\/www.auditand.com\/es\/servicios\/#breadcrumb"},"inLanguage":"es","potentialAction":[{"@type":"ReadAction","target":["https:\/\/www.auditand.com\/es\/servicios\/"]}]},{"@type":"BreadcrumbList","@id":"https:\/\/www.auditand.com\/es\/servicios\/#breadcrumb","itemListElement":[{"@type":"ListItem","position":1,"name":"Portada","item":"https:\/\/www.auditand.com\/en\/"},{"@type":"ListItem","position":2,"name":"Servicios"}]},{"@type":"WebSite","@id":"https:\/\/www.auditand.com\/#website","url":"https:\/\/www.auditand.com\/","name":"Auditand","description":"Fiduciaire Leydet","publisher":{"@id":"https:\/\/www.auditand.com\/#organization"},"potentialAction":[{"@type":"SearchAction","target":{"@type":"EntryPoint","urlTemplate":"https:\/\/www.auditand.com\/?s={search_term_string}"},"query-input":{"@type":"PropertyValueSpecification","valueRequired":true,"valueName":"search_term_string"}}],"inLanguage":"es"},{"@type":"Organization","@id":"https:\/\/www.auditand.com\/#organization","name":"Auditand","url":"https:\/\/www.auditand.com\/","logo":{"@type":"ImageObject","inLanguage":"es","@id":"https:\/\/www.auditand.com\/#\/schema\/logo\/image\/","url":"https:\/\/www.auditand.com\/wp-content\/uploads\/2017\/01\/logo_auditand-1.png","contentUrl":"https:\/\/www.auditand.com\/wp-content\/uploads\/2017\/01\/logo_auditand-1.png","width":316,"height":51,"caption":"Auditand"},"image":{"@id":"https:\/\/www.auditand.com\/#\/schema\/logo\/image\/"}}]}},"_links":{"self":[{"href":"https:\/\/www.auditand.com\/es\/wp-json\/wp\/v2\/pages\/390","targetHints":{"allow":["GET"]}}],"collection":[{"href":"https:\/\/www.auditand.com\/es\/wp-json\/wp\/v2\/pages"}],"about":[{"href":"https:\/\/www.auditand.com\/es\/wp-json\/wp\/v2\/types\/page"}],"author":[{"embeddable":true,"href":"https:\/\/www.auditand.com\/es\/wp-json\/wp\/v2\/users\/1"}],"replies":[{"embeddable":true,"href":"https:\/\/www.auditand.com\/es\/wp-json\/wp\/v2\/comments?post=390"}],"version-history":[{"count":22,"href":"https:\/\/www.auditand.com\/es\/wp-json\/wp\/v2\/pages\/390\/revisions"}],"predecessor-version":[{"id":781,"href":"https:\/\/www.auditand.com\/es\/wp-json\/wp\/v2\/pages\/390\/revisions\/781"}],"wp:attachment":[{"href":"https:\/\/www.auditand.com\/es\/wp-json\/wp\/v2\/media?parent=390"}],"curies":[{"name":"wp","href":"https:\/\/api.w.org\/{rel}","templated":true}]}}