{"id":1291,"date":"2023-06-28T17:34:50","date_gmt":"2023-06-28T17:34:50","guid":{"rendered":"https:\/\/www.auditand.com\/aviso-legal\/"},"modified":"2023-06-28T17:34:50","modified_gmt":"2023-06-28T17:34:50","slug":"aviso-legal","status":"publish","type":"page","link":"https:\/\/www.auditand.com\/es\/aviso-legal\/","title":{"rendered":"Aviso legal"},"content":{"rendered":"\t\t<div data-elementor-type=\"wp-page\" data-elementor-id=\"1291\" class=\"elementor elementor-1291 elementor-1286\" data-elementor-post-type=\"page\">\n\t\t\t\t\t\t<section class=\"elementor-section elementor-top-section elementor-element elementor-element-2b46493 elementor-section-boxed elementor-section-height-default elementor-section-height-default\" data-id=\"2b46493\" data-element_type=\"section\">\n\t\t\t\t\t\t<div class=\"elementor-container elementor-column-gap-default\">\n\t\t\t\t\t<div class=\"elementor-column elementor-col-100 elementor-top-column elementor-element elementor-element-4c303c7\" data-id=\"4c303c7\" data-element_type=\"column\">\n\t\t\t<div class=\"elementor-widget-wrap elementor-element-populated\">\n\t\t\t\t\t\t<div class=\"elementor-element elementor-element-1b24219 elementor-widget elementor-widget-heading\" data-id=\"1b24219\" data-element_type=\"widget\" data-widget_type=\"heading.default\">\n\t\t\t\t<div class=\"elementor-widget-container\">\n\t\t\t\t\t<h2 class=\"elementor-heading-title elementor-size-default\">Aviso legal<\/h2>\t\t\t\t<\/div>\n\t\t\t\t<\/div>\n\t\t\t\t\t<\/div>\n\t\t<\/div>\n\t\t\t\t\t<\/div>\n\t\t<\/section>\n\t\t\t\t<section class=\"elementor-section elementor-top-section elementor-element elementor-element-80b9bcd elementor-section-boxed elementor-section-height-default elementor-section-height-default\" data-id=\"80b9bcd\" data-element_type=\"section\">\n\t\t\t\t\t\t<div class=\"elementor-container elementor-column-gap-default\">\n\t\t\t\t\t<div class=\"elementor-column elementor-col-100 elementor-top-column elementor-element elementor-element-0f49b91\" data-id=\"0f49b91\" data-element_type=\"column\">\n\t\t\t<div class=\"elementor-widget-wrap elementor-element-populated\">\n\t\t\t\t\t\t<div class=\"elementor-element elementor-element-5dd4145 elementor-widget elementor-widget-text-editor\" data-id=\"5dd4145\" data-element_type=\"widget\" data-widget_type=\"text-editor.default\">\n\t\t\t\t<div class=\"elementor-widget-container\">\n\t\t\t\t\t\t\t\t\t<p>Este aviso legal compilaci\u00f3n las condiciones generales que regulan el acceso y el uso de la p\u00e1gina web auditand.com, de ahora en adelante \u00abla WEB\u00bb, del cual es titular y propietario FOUBERT LEYDET AUDITORES Y ECONOMISTAS ASOCIADOS SLU, a Calle de la Aig\u00fceta 2, 6-2, AD500 Andorra la vieja, Principado de Andorra, creada en virtud de la Ley 29\/2021, del 28 de octubre. El acceso en la WEB es gratuito y su visualizaci\u00f3n no requiere ning\u00fan registro ni suscripci\u00f3n previa.<\/p>\n<p><b>LIMITACI\u00d3N DE RESPONSABILIDAD<br \/>\n<\/b>FOUBERT LEYDET AUDITORES Y ECONOMISTAS ASOCIADOS SLU no se responsabiliza de los da\u00f1os y perjuicios producidos o que se puedan producir, de ninguna naturaleza, que se deriven del uso de la informaci\u00f3n, del contenido de la WEB y de los programas que incorpora, y que pudieran ocasionar, a t\u00edtulo enunciativo y no limitativo: errores u omisiones en los contenidos, falta de disponibilidad de la WEB o la transmisi\u00f3n de virus o programas maliciosos o lesivos en los contenidos, a pesar de haber adoptado todas las medidas tecnol\u00f3gicas necesarias para evitarlo.<br \/>\nLa informaci\u00f3n contenida en la WEB es la vigente en la fecha de la \u00faltima actualizaci\u00f3n, y FOUBERT LEYDET AUDITORES Y ECONOMISTAS ASOCIADOS SLU no garantiza la ausencia de errores en el acceso a la WEB ni en el contenido, pero, adoptar\u00e1 las medidas pertinentes para evitarlos, corregirlos y\/o actualizarlos tan pronto como se detecten.<br \/>\nFOUBERT LEYDET AUDITORES Y ECONOMISTAS ASOCIADOS SLU se reserva el derecho de modificar y actualizar la informaci\u00f3n de la WEB, su presentaci\u00f3n y configuraci\u00f3n y las condiciones de acceso sin necesidad de previo aviso y en cualquier momento. As\u00ed mismo, FOUBERT LEYDET AUDITORES Y ECONOMISTAS ASOCIADOS SLU se reserva el derecho de modificar y\/u omitir totalmente o parcial los contenidos de la WEB y restringir el acceso. En caso de que se tengan que realizar operaciones de mantenimiento, reparaci\u00f3n, actualizaci\u00f3n o mejora de los servicios, FOUBERT LEYDET AUDITORES Y ECONOMISTAS ASOCIADOS SLU se reserva el derecho de suspender temporalmente y sin necesidad de previo aviso el acceso a la WEB, as\u00ed como el derecho de prestaci\u00f3n o cancelaci\u00f3n de los servicios, sin perjuicio de procurar ponerlo en conocimiento de los usuarios, siempre que las circunstancias lo permitan. El uso de esta WEB y la informaci\u00f3n que se facilita es responsabilidad del usuario. Ninguno tercero podr\u00e1 establecer una relaci\u00f3n de *framing entre sus p\u00e1ginas web y la WEB. As\u00ed mismo, FOUBERT LEYDET AUDITORES Y ECONOMISTAS ASOCIADOS SLU no se responsabiliza del contenido de terceros al cual se pueda acceder mediante los enlaces contenidos a la WEB.<\/p>\n<p>&nbsp;<\/p>\n<p><b>SERVICIOS Y PRODUCTOS DE LA WEB<br \/>\n<\/b>La WEB puede contener enlaces en p\u00e1ginas web ajenas a la misma los cuales se ponen a disposici\u00f3n del usuario con la \u00fanica finalidad de facilitarle el acceso a los contenidos o servicios que pudieran ser de su inter\u00e9s y que FOUBERT LEYDET AUDITORES Y ECONOMISTAS ASOCIADOS SLU no gestiona ni controla en ning\u00fan momento.<br \/>\nLa inclusi\u00f3n de los enlaces a portales de terceros no implica en ning\u00fan caso una vinculaci\u00f3n entre FOUBERT LEYDET AUDITORES Y ECONOMISTAS ASOCIADOS SLU y los titulares de los portales enlazados. FOUBERT LEYDET AUDITORES Y ECONOMISTAS ASOCIADOS SLU no asume ning\u00fan tipo de responsabilidad directa o indirecta en relaci\u00f3n con la licitud, veracidad, utilidad, calidad o fiabilidad de los servicios y contenidos propiedad de terceros, o que estos gestionen o controlen, aunque se pueda acceder a trav\u00e9s de la WEB.<br \/>\nA todos los efectos legales, se entiende que cualquier relaci\u00f3n contractual o extracontractual que el usuario lleve a cabo con terceros contactados mediante la WEB se realiza \u00fanica y exclusivamente entre el usuario y los terceros.<br \/>\nEl usuario acepta que FOUBERT LEYDET AUDITORES Y ECONOMISTAS ASOCIADOS SLU no tenga ninguna responsabilidad sobre los da\u00f1os o perjuicios de cualquier naturaleza ocasionados con motivo de las negociaciones, conversaciones o relaciones contractuales o extracontractuales entre el usuario y terceros contactados por medio de la WEB.<br \/>\nEl usuario tendr\u00e1 que tomar conocimiento de las indicaciones, de los avisos o de las advertencias legales que los portales de terceros puedan establecer por su uso.<\/p>\n<p><b>RESPONSABILIDAD DEL USUARIO<br \/>\n<\/b>El usuario es responsable del cumplimiento de las leyes y reglamentos en vigor y de las reglas aplicables al uso que se realice de la informaci\u00f3n y las aplicaciones. Aun as\u00ed, se proh\u00edbe el uso de la WEB contrario a la buena fe, en particular y de manera no exhaustiva: la utilizaci\u00f3n contraria a la normativa andorrana o que infrinja los derechos de terceros; la publicaci\u00f3n o transmisi\u00f3n de cualquier contenido que resulte violento, obsceno, abusivo, ilegal, racial, xen\u00f3fobo o difamatorio; alterar o intervenir por medios fraudulentos p\u00e1ginas web personales o correos electr\u00f3nicos o sistemas otros usuarios o terceros sin su autorizaci\u00f3n; los cracks, n\u00fameros de serie de programas o cualquier otro contenido que vulnere los derechos de la propiedad intelectual de terceros; la recogida y\/o la utilizaci\u00f3n de datos personales otros usuarios sin su consentimiento expreso o que contravenga las disposiciones de la Ley Cualificada 29\/2021 de protecci\u00f3n de datos personales; la utilizaci\u00f3n del servidor de correo, el dominio y las direcciones de correo electr\u00f3nico con fines de correo no deseado, bombardeo de correo, suplantaci\u00f3n de identidad, fraude bajo custodia de terceros, *Scam 419, pharming , difusi\u00f3n de virus (troyanos, etc.) o cualquier otro tipo de actividad realizada con \u00e1nimo fraudulento o delictivo.<br \/>\nQueda expresamente prohibido acceder, modificar, visualizar la configuraci\u00f3n, la estructura y los archivos de los servidores de la WEB. Ante cualquier problema que se pudiera producir en los servidores y sistemas de seguridad de la WEB como consecuencia directa de una actuaci\u00f3n negligente del usuario, este responder\u00e1 por la responsabilidad civil y penal que corresponda. El usuario respetar\u00e1 los est\u00e1ndares t\u00e9cnicos dispuestos por la WEB en la administraci\u00f3n y desarrollo de los productos utilizados de forma que no se produzca un uso abusivo que retrase los servidores y perjudique la prestaci\u00f3n de los productos o derechos otros usuarios.<\/p>\n<p><b>PROTECCI\u00d3N DATOS PERSONALES Y COOKIES<br \/>\n<\/b>En cumplimiento del que requiere la Ley 29\/2021, del 28 de octubre, calificada de Protecci\u00f3n de Datos Personales (en lo sucesivo, \u00abLQDP\u00bb), y con los reglamentos que la desarrollan, se informa a los usuarios de este sitio web que cualquier dato personal facilidad a FOUBERT LEYDET AUDITORES Y ECONOMISTAS ASOCIADOS SLU ser\u00e1 tratado por el mismo con las finalidades y condiciones definidas a sus Registros de Actividades de Tratamiento (los encontrar\u00e9is a nuestra pol\u00edtica de privacidad).<br \/>\nEl responsable de los ficheros es FOUBERT LEYDET AUDITORES Y ECONOMISTAS ASOCIADOS SLU en calidad de responsable del tratamiento, con domicilio a Calle de la Aig\u00fceta 2, 6-2, AD500 Andorra la vieja, Principado de Andorra, y su Delegado de protecci\u00f3n de Datos es Eva Pujadas (epujadas@auditand.com).<br \/>\nLos datos aqu\u00ed recogidos se tratar\u00e1n por las finalidades de gesti\u00f3n de llanura web, gesti\u00f3n de usuarios registrados, gesti\u00f3n de notificaciones y gesti\u00f3n de consultas y comunicaciones.<br \/>\nEn cumplimiento de la LQPD, y sus reglamentos de desarrollo, FOUBERT LEYDET AUDITORES Y ECONOMISTAS ASOCIADOS SLU le informa que dispon\u00e9is de los derechos de acceso, rectificaci\u00f3n, supresi\u00f3n, oposici\u00f3n, portabilidad y limitaci\u00f3n de tratamiento reconocidos en la mencionada normativa.<br \/>\nLe informamos que esta llanura web recoge cookies. Encontrar\u00e9is una explicaci\u00f3n exhaustiva de estas en el siguiente enlace.<br \/>\nPor m\u00e1s informaci\u00f3n sobre c\u00f3mo trataremos los datos personales consult\u00e1is el siguiente enlace (link a pol\u00edtica de privacidad)<\/p>\n<p><b>PROPIEDAD INTELECTUAL SOBRE LOS CONTENIDOS<br \/>\n<\/b>Todos los elementos que aparecen en la WEB, sin limitaci\u00f3n (fotograf\u00edas, m\u00fasica, sonidos, animaciones, software, textos, nombre de dominio, marcas, informaci\u00f3n y contenido recopilado de toda la web, etc ), as\u00ed como la estructura, el dise\u00f1o gr\u00e1fico y el c\u00f3digo fuente son propiedad de FOUBERT LEYDET AUDITORES Y ECONOMISTAS ASOCIADOS SLU, o si se tercia, de terceros que le han cedido los correspondientes derechos de uso, y que el usuario de este sitio web tiene que respetar, y que por lo tanto est\u00e1n protegidos por la normativa de propiedad intelectual. No se podr\u00e1n realizar actas totales o parciales de reproducci\u00f3n, publicaci\u00f3n, tratamiento inform\u00e1tico, distribuci\u00f3n, difusi\u00f3n, transformaci\u00f3n, compilaci\u00f3n, modificaci\u00f3n, distribuci\u00f3n o comunicaci\u00f3n p\u00fablica de la WEB sin el consentimiento previo y por escrito de FOUBERT LEYDET AUDITORES Y ECONOMISTAS ASOCIADOS SLU. El acceso por parte del usuario a los contenidos y los servicios de la WEB no implica ning\u00fan derecho en cuanto a su transmisi\u00f3n, cesi\u00f3n, utilizaci\u00f3n, alteraci\u00f3n, explotaci\u00f3n, reproducci\u00f3n, distribuci\u00f3n o comunicaci\u00f3n p\u00fablica, objeto de propiedad intelectual, sin la previa y expr\u00e9s autorizaci\u00f3n espec\u00edficamente otorgada a tal efecto por parte de FOUBERT LEYDET AUDITORES Y ECONOMISTAS ASOCIADOS SLU o del tercer titular de los derechos, si se tercia.<br \/>\nLos usuarios de la WEB solo podr\u00e1n realizar un uso privado y personal de sus contenidos, es decir, solo tendr\u00e1n derecho a visualizar y realizar copias de los contenidos para su uso personal y exclusivo y tendr\u00e1n que aplicar estos derechos en base a los principios de buena fe y la normativa aplicable. Queda absolutamente prohibido el uso de la WEB o de cualquier de sus elementos con fines comerciales o il\u00edcitas. La utilizaci\u00f3n no autorizada de la informaci\u00f3n contenida en este Portal, as\u00ed como los perjuicios ocasionados en los derechos de propiedad intelectual, pueden dar lugar al ejercicio de las acciones legales pertinentes y, si se tercia, a las responsabilidades derivadas de este ejercicio.<\/p>\n<p><b>COMPROMISOS<\/b><br \/>\nFOUBERT LEYDET AUDITORES Y ECONOMISTAS ASOCIADOS SLU se compromete a no realizar publicidad enga\u00f1osa. En este sentido, no se considerar\u00e1n publicitado enga\u00f1osa los errores formales o num\u00e9ricos que se puedan encontrar en el contenido de las diferentes secciones de la WEB a causa del mantenimiento y\/o de la actualizaci\u00f3n incompleta o defectuosa de la informaci\u00f3n contenida en estas secciones de la WEB como consecuencia de aquello mencionado en este apartado, FOUBERT LEYDET AUDITORES Y ECONOMISTAS ASOCIADOS SLU se compromete a corregir esta situaci\u00f3n tan pronto como tenga constancia de los mencionados errores.<\/p>\n<p><b>ACEPTACI\u00d3N<\/b><br \/>\n<span style=\"color: var( --e-global-color-text );\">El uso de la WEB implica la expr\u00e9s y plena aceptaci\u00f3n de estas condiciones generales y de todas y cada una de las disposiciones incluidas en este aviso legal en la versi\u00f3n publicada en el momento en que el usuario accede a este aviso (excepto la pol\u00edtica de privacidad y la pol\u00edtica de cookies, que habr\u00e1 que aceptarlas expr\u00e9s y separadamente). En consecuencia, se recomienda que el usuario lea este aviso legal cada vez que acceda en la WEB, dado que se pueden producir modificaciones en las condiciones generales, sin perjuicio de las condiciones particulares que se puedan aplicar a determinados servicios concretos de la WEB.<\/span><\/p>\n<p><span style=\"color: var( --e-global-color-text );\">\u00a0<\/span><\/p>\n<p><span style=\"color: var( --e-global-color-text );\"><b>LEGISLACI\u00d3N Y JURISDICCI\u00d3N APLICABLE<br \/>\n<\/b><\/span><span style=\"color: var( --e-global-color-text );\">Las presentes condiciones de acceso y uso quedan sujetos a la legislaci\u00f3n andorrana y a la competencia de sus tribunales.<\/span><\/p>\n\t\t\t\t\t\t\t\t<\/div>\n\t\t\t\t<\/div>\n\t\t\t\t\t<\/div>\n\t\t<\/div>\n\t\t\t\t\t<\/div>\n\t\t<\/section>\n\t\t\t\t<\/div>\n\t\t","protected":false},"excerpt":{"rendered":"<p>Aviso legal Este aviso legal compilaci\u00f3n las condiciones generales que regulan el acceso y el uso de la p\u00e1gina web auditand.com, de ahora en adelante \u00abla WEB\u00bb, del cual es titular y propietario FOUBERT LEYDET AUDITORES Y ECONOMISTAS ASOCIADOS SLU, a Calle de la Aig\u00fceta 2, 6-2, AD500 Andorra la vieja, Principado de Andorra, creada en virtud de la Ley 29\/2021, del 28 de octubre. El acceso en la WEB es gratuito y su visualizaci\u00f3n no requiere ning\u00fan registro ni suscripci\u00f3n previa. LIMITACI\u00d3N DE RESPONSABILIDAD FOUBERT LEYDET AUDITORES Y ECONOMISTAS ASOCIADOS SLU no se responsabiliza de los da\u00f1os y perjuicios producidos o que se puedan producir, de ninguna naturaleza, que se deriven del uso de la informaci\u00f3n, del contenido de la WEB y de los programas que incorpora, y que pudieran ocasionar, a t\u00edtulo enunciativo y no limitativo: errores u omisiones en los contenidos, falta de disponibilidad de la WEB o la transmisi\u00f3n de virus o programas maliciosos o lesivos en los contenidos, a pesar de haber adoptado todas las medidas tecnol\u00f3gicas necesarias para evitarlo. La informaci\u00f3n contenida en la WEB es la vigente en la fecha de la \u00faltima actualizaci\u00f3n, y FOUBERT LEYDET AUDITORES Y ECONOMISTAS ASOCIADOS SLU no [&hellip;]<\/p>\n","protected":false},"author":5,"featured_media":0,"parent":0,"menu_order":0,"comment_status":"closed","ping_status":"closed","template":"","meta":{"footnotes":""},"class_list":["post-1291","page","type-page","status-publish","hentry"],"yoast_head":"<!-- This site is optimized with the Yoast SEO Premium plugin v21.8 (Yoast SEO v25.6) - https:\/\/yoast.com\/wordpress\/plugins\/seo\/ -->\n<title>Aviso legal - Auditand<\/title>\n<meta name=\"robots\" content=\"index, follow, max-snippet:-1, max-image-preview:large, max-video-preview:-1\" \/>\n<link rel=\"canonical\" href=\"https:\/\/www.auditand.com\/avis-juridique\/\" \/>\n<meta property=\"og:locale\" content=\"es_ES\" \/>\n<meta property=\"og:type\" content=\"article\" \/>\n<meta property=\"og:title\" content=\"Aviso legal\" \/>\n<meta property=\"og:description\" content=\"Aviso legal Este aviso legal compilaci\u00f3n las condiciones generales que regulan el acceso y el uso de la p\u00e1gina web auditand.com, de ahora en adelante \u00abla WEB\u00bb, del cual es titular y propietario FOUBERT LEYDET AUDITORES Y ECONOMISTAS ASOCIADOS SLU, a Calle de la Aig\u00fceta 2, 6-2, AD500 Andorra la vieja, Principado de Andorra, creada en virtud de la Ley 29\/2021, del 28 de octubre. El acceso en la WEB es gratuito y su visualizaci\u00f3n no requiere ning\u00fan registro ni suscripci\u00f3n previa. LIMITACI\u00d3N DE RESPONSABILIDAD FOUBERT LEYDET AUDITORES Y ECONOMISTAS ASOCIADOS SLU no se responsabiliza de los da\u00f1os y perjuicios producidos o que se puedan producir, de ninguna naturaleza, que se deriven del uso de la informaci\u00f3n, del contenido de la WEB y de los programas que incorpora, y que pudieran ocasionar, a t\u00edtulo enunciativo y no limitativo: errores u omisiones en los contenidos, falta de disponibilidad de la WEB o la transmisi\u00f3n de virus o programas maliciosos o lesivos en los contenidos, a pesar de haber adoptado todas las medidas tecnol\u00f3gicas necesarias para evitarlo. La informaci\u00f3n contenida en la WEB es la vigente en la fecha de la \u00faltima actualizaci\u00f3n, y FOUBERT LEYDET AUDITORES Y ECONOMISTAS ASOCIADOS SLU no [&hellip;]\" \/>\n<meta property=\"og:url\" content=\"https:\/\/www.auditand.com\/avis-juridique\/\" \/>\n<meta property=\"og:site_name\" content=\"Auditand\" \/>\n<meta name=\"twitter:card\" content=\"summary_large_image\" \/>\n<meta name=\"twitter:label1\" content=\"Tiempo de lectura\" \/>\n\t<meta name=\"twitter:data1\" content=\"9 minutos\" \/>\n<script type=\"application\/ld+json\" class=\"yoast-schema-graph\">{\"@context\":\"https:\/\/schema.org\",\"@graph\":[{\"@type\":\"WebPage\",\"@id\":\"https:\/\/www.auditand.com\/avis-juridique\/\",\"url\":\"https:\/\/www.auditand.com\/avis-juridique\/\",\"name\":\"Aviso legal - Auditand\",\"isPartOf\":{\"@id\":\"https:\/\/www.auditand.com\/#website\"},\"datePublished\":\"2023-06-28T17:34:50+00:00\",\"breadcrumb\":{\"@id\":\"https:\/\/www.auditand.com\/avis-juridique\/#breadcrumb\"},\"inLanguage\":\"es\",\"potentialAction\":[{\"@type\":\"ReadAction\",\"target\":[\"https:\/\/www.auditand.com\/avis-juridique\/\"]}]},{\"@type\":\"BreadcrumbList\",\"@id\":\"https:\/\/www.auditand.com\/avis-juridique\/#breadcrumb\",\"itemListElement\":[{\"@type\":\"ListItem\",\"position\":1,\"name\":\"Portada\",\"item\":\"https:\/\/www.auditand.com\/en\/\"},{\"@type\":\"ListItem\",\"position\":2,\"name\":\"Aviso legal\"}]},{\"@type\":\"WebSite\",\"@id\":\"https:\/\/www.auditand.com\/#website\",\"url\":\"https:\/\/www.auditand.com\/\",\"name\":\"Auditand\",\"description\":\"Fiduciaire Leydet\",\"publisher\":{\"@id\":\"https:\/\/www.auditand.com\/#organization\"},\"potentialAction\":[{\"@type\":\"SearchAction\",\"target\":{\"@type\":\"EntryPoint\",\"urlTemplate\":\"https:\/\/www.auditand.com\/?s={search_term_string}\"},\"query-input\":{\"@type\":\"PropertyValueSpecification\",\"valueRequired\":true,\"valueName\":\"search_term_string\"}}],\"inLanguage\":\"es\"},{\"@type\":\"Organization\",\"@id\":\"https:\/\/www.auditand.com\/#organization\",\"name\":\"Auditand\",\"url\":\"https:\/\/www.auditand.com\/\",\"logo\":{\"@type\":\"ImageObject\",\"inLanguage\":\"es\",\"@id\":\"https:\/\/www.auditand.com\/#\/schema\/logo\/image\/\",\"url\":\"https:\/\/www.auditand.com\/wp-content\/uploads\/2017\/01\/logo_auditand-1.png\",\"contentUrl\":\"https:\/\/www.auditand.com\/wp-content\/uploads\/2017\/01\/logo_auditand-1.png\",\"width\":316,\"height\":51,\"caption\":\"Auditand\"},\"image\":{\"@id\":\"https:\/\/www.auditand.com\/#\/schema\/logo\/image\/\"}}]}<\/script>\n<!-- \/ Yoast SEO Premium plugin. -->","yoast_head_json":{"title":"Aviso legal - Auditand","robots":{"index":"index","follow":"follow","max-snippet":"max-snippet:-1","max-image-preview":"max-image-preview:large","max-video-preview":"max-video-preview:-1"},"canonical":"https:\/\/www.auditand.com\/avis-juridique\/","og_locale":"es_ES","og_type":"article","og_title":"Aviso legal","og_description":"Aviso legal Este aviso legal compilaci\u00f3n las condiciones generales que regulan el acceso y el uso de la p\u00e1gina web auditand.com, de ahora en adelante \u00abla WEB\u00bb, del cual es titular y propietario FOUBERT LEYDET AUDITORES Y ECONOMISTAS ASOCIADOS SLU, a Calle de la Aig\u00fceta 2, 6-2, AD500 Andorra la vieja, Principado de Andorra, creada en virtud de la Ley 29\/2021, del 28 de octubre. El acceso en la WEB es gratuito y su visualizaci\u00f3n no requiere ning\u00fan registro ni suscripci\u00f3n previa. LIMITACI\u00d3N DE RESPONSABILIDAD FOUBERT LEYDET AUDITORES Y ECONOMISTAS ASOCIADOS SLU no se responsabiliza de los da\u00f1os y perjuicios producidos o que se puedan producir, de ninguna naturaleza, que se deriven del uso de la informaci\u00f3n, del contenido de la WEB y de los programas que incorpora, y que pudieran ocasionar, a t\u00edtulo enunciativo y no limitativo: errores u omisiones en los contenidos, falta de disponibilidad de la WEB o la transmisi\u00f3n de virus o programas maliciosos o lesivos en los contenidos, a pesar de haber adoptado todas las medidas tecnol\u00f3gicas necesarias para evitarlo. La informaci\u00f3n contenida en la WEB es la vigente en la fecha de la \u00faltima actualizaci\u00f3n, y FOUBERT LEYDET AUDITORES Y ECONOMISTAS ASOCIADOS SLU no [&hellip;]","og_url":"https:\/\/www.auditand.com\/avis-juridique\/","og_site_name":"Auditand","twitter_card":"summary_large_image","twitter_misc":{"Tiempo de lectura":"9 minutos"},"schema":{"@context":"https:\/\/schema.org","@graph":[{"@type":"WebPage","@id":"https:\/\/www.auditand.com\/avis-juridique\/","url":"https:\/\/www.auditand.com\/avis-juridique\/","name":"Aviso legal - Auditand","isPartOf":{"@id":"https:\/\/www.auditand.com\/#website"},"datePublished":"2023-06-28T17:34:50+00:00","breadcrumb":{"@id":"https:\/\/www.auditand.com\/avis-juridique\/#breadcrumb"},"inLanguage":"es","potentialAction":[{"@type":"ReadAction","target":["https:\/\/www.auditand.com\/avis-juridique\/"]}]},{"@type":"BreadcrumbList","@id":"https:\/\/www.auditand.com\/avis-juridique\/#breadcrumb","itemListElement":[{"@type":"ListItem","position":1,"name":"Portada","item":"https:\/\/www.auditand.com\/en\/"},{"@type":"ListItem","position":2,"name":"Aviso legal"}]},{"@type":"WebSite","@id":"https:\/\/www.auditand.com\/#website","url":"https:\/\/www.auditand.com\/","name":"Auditand","description":"Fiduciaire Leydet","publisher":{"@id":"https:\/\/www.auditand.com\/#organization"},"potentialAction":[{"@type":"SearchAction","target":{"@type":"EntryPoint","urlTemplate":"https:\/\/www.auditand.com\/?s={search_term_string}"},"query-input":{"@type":"PropertyValueSpecification","valueRequired":true,"valueName":"search_term_string"}}],"inLanguage":"es"},{"@type":"Organization","@id":"https:\/\/www.auditand.com\/#organization","name":"Auditand","url":"https:\/\/www.auditand.com\/","logo":{"@type":"ImageObject","inLanguage":"es","@id":"https:\/\/www.auditand.com\/#\/schema\/logo\/image\/","url":"https:\/\/www.auditand.com\/wp-content\/uploads\/2017\/01\/logo_auditand-1.png","contentUrl":"https:\/\/www.auditand.com\/wp-content\/uploads\/2017\/01\/logo_auditand-1.png","width":316,"height":51,"caption":"Auditand"},"image":{"@id":"https:\/\/www.auditand.com\/#\/schema\/logo\/image\/"}}]}},"_links":{"self":[{"href":"https:\/\/www.auditand.com\/es\/wp-json\/wp\/v2\/pages\/1291","targetHints":{"allow":["GET"]}}],"collection":[{"href":"https:\/\/www.auditand.com\/es\/wp-json\/wp\/v2\/pages"}],"about":[{"href":"https:\/\/www.auditand.com\/es\/wp-json\/wp\/v2\/types\/page"}],"author":[{"embeddable":true,"href":"https:\/\/www.auditand.com\/es\/wp-json\/wp\/v2\/users\/5"}],"replies":[{"embeddable":true,"href":"https:\/\/www.auditand.com\/es\/wp-json\/wp\/v2\/comments?post=1291"}],"version-history":[{"count":1,"href":"https:\/\/www.auditand.com\/es\/wp-json\/wp\/v2\/pages\/1291\/revisions"}],"predecessor-version":[{"id":1292,"href":"https:\/\/www.auditand.com\/es\/wp-json\/wp\/v2\/pages\/1291\/revisions\/1292"}],"wp:attachment":[{"href":"https:\/\/www.auditand.com\/es\/wp-json\/wp\/v2\/media?parent=1291"}],"curies":[{"name":"wp","href":"https:\/\/api.w.org\/{rel}","templated":true}]}}