{"id":1284,"date":"2023-06-28T17:24:15","date_gmt":"2023-06-28T17:24:15","guid":{"rendered":"https:\/\/www.auditand.com\/politica-de-cookies\/"},"modified":"2023-06-28T17:24:15","modified_gmt":"2023-06-28T17:24:15","slug":"politica-de-cookies","status":"publish","type":"page","link":"https:\/\/www.auditand.com\/es\/politica-de-cookies\/","title":{"rendered":"Pol\u00edtica de cookies"},"content":{"rendered":"\t\t<div data-elementor-type=\"wp-page\" data-elementor-id=\"1284\" class=\"elementor elementor-1284 elementor-1279\" data-elementor-post-type=\"page\">\n\t\t\t\t\t\t<section class=\"elementor-section elementor-top-section elementor-element elementor-element-2b46493 elementor-section-boxed elementor-section-height-default elementor-section-height-default\" data-id=\"2b46493\" data-element_type=\"section\">\n\t\t\t\t\t\t<div class=\"elementor-container elementor-column-gap-default\">\n\t\t\t\t\t<div class=\"elementor-column elementor-col-100 elementor-top-column elementor-element elementor-element-4c303c7\" data-id=\"4c303c7\" data-element_type=\"column\">\n\t\t\t<div class=\"elementor-widget-wrap elementor-element-populated\">\n\t\t\t\t\t\t<div class=\"elementor-element elementor-element-1b24219 elementor-widget elementor-widget-heading\" data-id=\"1b24219\" data-element_type=\"widget\" data-widget_type=\"heading.default\">\n\t\t\t\t<div class=\"elementor-widget-container\">\n\t\t\t\t\t<h2 class=\"elementor-heading-title elementor-size-default\">Pol\u00edtica de cookies<\/h2>\t\t\t\t<\/div>\n\t\t\t\t<\/div>\n\t\t\t\t\t<\/div>\n\t\t<\/div>\n\t\t\t\t\t<\/div>\n\t\t<\/section>\n\t\t\t\t<section class=\"elementor-section elementor-top-section elementor-element elementor-element-80b9bcd elementor-section-boxed elementor-section-height-default elementor-section-height-default\" data-id=\"80b9bcd\" data-element_type=\"section\">\n\t\t\t\t\t\t<div class=\"elementor-container elementor-column-gap-default\">\n\t\t\t\t\t<div class=\"elementor-column elementor-col-100 elementor-top-column elementor-element elementor-element-0f49b91\" data-id=\"0f49b91\" data-element_type=\"column\">\n\t\t\t<div class=\"elementor-widget-wrap elementor-element-populated\">\n\t\t\t\t\t\t<div class=\"elementor-element elementor-element-5dd4145 elementor-widget elementor-widget-text-editor\" data-id=\"5dd4145\" data-element_type=\"widget\" data-widget_type=\"text-editor.default\">\n\t\t\t\t<div class=\"elementor-widget-container\">\n\t\t\t\t\t\t\t\t\tFOUBERT LEYDET AUDITORES Y ECONOMISTAS ASOCIADOS SLU, en su web auditand.com, utiliza galletas propias o bien de empresas colaboradoras con el objeto de mejorar y optimizar la experiencia de usuario. Para que sean recogidas es necesario el consentimiento.\r\n\r\n<b>\r\nQu\u00e9 son las cookies?\r\n<\/b>\r\nLas galletas o cookies son un tipo de fichero que se descarga al equipo de un usuario\/cliente del web con el fin de recoger datos que podr\u00e1n ser actualizadas y recuperadas por la entidad responsable de la instalaci\u00f3n. FOUBERT LEYDET AUDITORES Y ECONOMISTAS ASOCIADOS SLU utiliza galletas principalmente para las cuestiones siguientes:\r\n\u2022 Asegurar el funcionamiento correcto del sitio web de FOUBERT LEYDET AUDITORES Y ECONOMISTAS ASOCIADOS SLU.\r\n\u2022 Almacenar temporalmente la informaci\u00f3n relativa a las preferencias del usuario, como puede ser el idioma.\r\nLa utilizaci\u00f3n de las galletas por parte de FOUBERT LEYDET AUDITORES Y ECONOMISTAS ASOCIADOS SLU se debe al prop\u00f3sito de intentar optimizar la informaci\u00f3n y los servicios ofrecidos a los usuarios, para mejorar la experiencia cada vez que se utilizan los servicios web.\r\n\r\n<b>\r\nQu\u00e9 datos se recogen?\r\n<\/b>\r\nLas cookies utilizadas por FOUBERT LEYDET AUDITORES Y ECONOMISTAS ASOCIADOS SLU no se recoge ning\u00fan dato del cliente excepto la aceptaci\u00f3n de la pol\u00edtica de cookies, en caso de ser aceptada.\r\nTipo de galletas utilizadas, responsables, plazo de conservaci\u00f3n y destinatarios\r\nLas galletas utilizadas por FOUBERT LEYDET AUDITORES Y ECONOMISTAS ASOCIADOS SLU son las siguientes:\r\n\r\nCookies de sesi\u00f3n:\r\n\r\nFinalidad: Permite conservar las preferencias de navegaci\u00f3n durante la visita del usuario al sitio web de FOUBERT LEYDET AUDITORES Y ECONOMISTAS ASOCIADOS SLU como el idioma, la autenticaci\u00f3n en la zona privada si estuviera. No se conserva ning\u00fan dato del usuario, \u00fanicamente el c\u00f3digo de sesi\u00f3n asignado al entrar al sitio web.\r\nDurada conservaci\u00f3n: 120 minutos en no detectar ninguna actividad.\r\nDestinatarios: Jefe.\r\nCookie encriptada: S\u00ed.\r\n\r\nFinalidad: Permite proteger tanto el usuario como el sitio web contra ataques CSRF.\r\nDurada conservaci\u00f3n: Durante el periodo de navegaci\u00f3n al sitio web.\r\nDestinatarios: Jefe.\r\nCookie encriptada: S\u00ed.\r\n\r\nFinalidad: Desactivar el bloque de pol\u00edtica de cookies en caso de que el usuario lo haya aceptado para permitir una navegaci\u00f3n m\u00e1s fluida.\r\nDurada conservaci\u00f3n: 180 d\u00edas m\u00e1ximo.\r\nDestinatarios: Jefe.\r\nCookie encriptada: S\u00ed.\t\t\t\t\t\t\t\t<\/div>\n\t\t\t\t<\/div>\n\t\t\t\t\t<\/div>\n\t\t<\/div>\n\t\t\t\t\t<\/div>\n\t\t<\/section>\n\t\t\t\t<\/div>\n\t\t","protected":false},"excerpt":{"rendered":"<p>Pol\u00edtica de cookies FOUBERT LEYDET AUDITORES Y ECONOMISTAS ASOCIADOS SLU, en su web auditand.com, utiliza galletas propias o bien de empresas colaboradoras con el objeto de mejorar y optimizar la experiencia de usuario. Para que sean recogidas es necesario el consentimiento. Qu\u00e9 son las cookies? Las galletas o cookies son un tipo de fichero que se descarga al equipo de un usuario\/cliente del web con el fin de recoger datos que podr\u00e1n ser actualizadas y recuperadas por la entidad responsable de la instalaci\u00f3n. FOUBERT LEYDET AUDITORES Y ECONOMISTAS ASOCIADOS SLU utiliza galletas principalmente para las cuestiones siguientes: \u2022 Asegurar el funcionamiento correcto del sitio web de FOUBERT LEYDET AUDITORES Y ECONOMISTAS ASOCIADOS SLU. \u2022 Almacenar temporalmente la informaci\u00f3n relativa a las preferencias del usuario, como puede ser el idioma. La utilizaci\u00f3n de las galletas por parte de FOUBERT LEYDET AUDITORES Y ECONOMISTAS ASOCIADOS SLU se debe al prop\u00f3sito de intentar optimizar la informaci\u00f3n y los servicios ofrecidos a los usuarios, para mejorar la experiencia cada vez que se utilizan los servicios web. Qu\u00e9 datos se recogen? Las cookies utilizadas por FOUBERT LEYDET AUDITORES Y ECONOMISTAS ASOCIADOS SLU no se recoge ning\u00fan dato del cliente excepto la aceptaci\u00f3n de la pol\u00edtica [&hellip;]<\/p>\n","protected":false},"author":5,"featured_media":0,"parent":0,"menu_order":0,"comment_status":"closed","ping_status":"closed","template":"","meta":{"footnotes":""},"class_list":["post-1284","page","type-page","status-publish","hentry"],"yoast_head":"<!-- This site is optimized with the Yoast SEO Premium plugin v21.8 (Yoast SEO v25.6) - https:\/\/yoast.com\/wordpress\/plugins\/seo\/ -->\n<title>Pol\u00edtica de cookies - Auditand<\/title>\n<meta name=\"robots\" content=\"index, follow, max-snippet:-1, max-image-preview:large, max-video-preview:-1\" \/>\n<link rel=\"canonical\" href=\"https:\/\/www.auditand.com\/politique-de-cookies\/\" \/>\n<meta property=\"og:locale\" content=\"es_ES\" \/>\n<meta property=\"og:type\" content=\"article\" \/>\n<meta property=\"og:title\" content=\"Pol\u00edtica de cookies\" \/>\n<meta property=\"og:description\" content=\"Pol\u00edtica de cookies FOUBERT LEYDET AUDITORES Y ECONOMISTAS ASOCIADOS SLU, en su web auditand.com, utiliza galletas propias o bien de empresas colaboradoras con el objeto de mejorar y optimizar la experiencia de usuario. Para que sean recogidas es necesario el consentimiento. Qu\u00e9 son las cookies? Las galletas o cookies son un tipo de fichero que se descarga al equipo de un usuario\/cliente del web con el fin de recoger datos que podr\u00e1n ser actualizadas y recuperadas por la entidad responsable de la instalaci\u00f3n. FOUBERT LEYDET AUDITORES Y ECONOMISTAS ASOCIADOS SLU utiliza galletas principalmente para las cuestiones siguientes: \u2022 Asegurar el funcionamiento correcto del sitio web de FOUBERT LEYDET AUDITORES Y ECONOMISTAS ASOCIADOS SLU. \u2022 Almacenar temporalmente la informaci\u00f3n relativa a las preferencias del usuario, como puede ser el idioma. La utilizaci\u00f3n de las galletas por parte de FOUBERT LEYDET AUDITORES Y ECONOMISTAS ASOCIADOS SLU se debe al prop\u00f3sito de intentar optimizar la informaci\u00f3n y los servicios ofrecidos a los usuarios, para mejorar la experiencia cada vez que se utilizan los servicios web. Qu\u00e9 datos se recogen? Las cookies utilizadas por FOUBERT LEYDET AUDITORES Y ECONOMISTAS ASOCIADOS SLU no se recoge ning\u00fan dato del cliente excepto la aceptaci\u00f3n de la pol\u00edtica [&hellip;]\" \/>\n<meta property=\"og:url\" content=\"https:\/\/www.auditand.com\/politique-de-cookies\/\" \/>\n<meta property=\"og:site_name\" content=\"Auditand\" \/>\n<meta name=\"twitter:card\" content=\"summary_large_image\" \/>\n<meta name=\"twitter:label1\" content=\"Tiempo de lectura\" \/>\n\t<meta name=\"twitter:data1\" content=\"2 minutos\" \/>\n<script type=\"application\/ld+json\" class=\"yoast-schema-graph\">{\"@context\":\"https:\/\/schema.org\",\"@graph\":[{\"@type\":\"WebPage\",\"@id\":\"https:\/\/www.auditand.com\/politique-de-cookies\/\",\"url\":\"https:\/\/www.auditand.com\/politique-de-cookies\/\",\"name\":\"Pol\u00edtica de cookies - Auditand\",\"isPartOf\":{\"@id\":\"https:\/\/www.auditand.com\/#website\"},\"datePublished\":\"2023-06-28T17:24:15+00:00\",\"breadcrumb\":{\"@id\":\"https:\/\/www.auditand.com\/politique-de-cookies\/#breadcrumb\"},\"inLanguage\":\"es\",\"potentialAction\":[{\"@type\":\"ReadAction\",\"target\":[\"https:\/\/www.auditand.com\/politique-de-cookies\/\"]}]},{\"@type\":\"BreadcrumbList\",\"@id\":\"https:\/\/www.auditand.com\/politique-de-cookies\/#breadcrumb\",\"itemListElement\":[{\"@type\":\"ListItem\",\"position\":1,\"name\":\"Portada\",\"item\":\"https:\/\/www.auditand.com\/en\/\"},{\"@type\":\"ListItem\",\"position\":2,\"name\":\"Pol\u00edtica de cookies\"}]},{\"@type\":\"WebSite\",\"@id\":\"https:\/\/www.auditand.com\/#website\",\"url\":\"https:\/\/www.auditand.com\/\",\"name\":\"Auditand\",\"description\":\"Fiduciaire Leydet\",\"publisher\":{\"@id\":\"https:\/\/www.auditand.com\/#organization\"},\"potentialAction\":[{\"@type\":\"SearchAction\",\"target\":{\"@type\":\"EntryPoint\",\"urlTemplate\":\"https:\/\/www.auditand.com\/?s={search_term_string}\"},\"query-input\":{\"@type\":\"PropertyValueSpecification\",\"valueRequired\":true,\"valueName\":\"search_term_string\"}}],\"inLanguage\":\"es\"},{\"@type\":\"Organization\",\"@id\":\"https:\/\/www.auditand.com\/#organization\",\"name\":\"Auditand\",\"url\":\"https:\/\/www.auditand.com\/\",\"logo\":{\"@type\":\"ImageObject\",\"inLanguage\":\"es\",\"@id\":\"https:\/\/www.auditand.com\/#\/schema\/logo\/image\/\",\"url\":\"https:\/\/www.auditand.com\/wp-content\/uploads\/2017\/01\/logo_auditand-1.png\",\"contentUrl\":\"https:\/\/www.auditand.com\/wp-content\/uploads\/2017\/01\/logo_auditand-1.png\",\"width\":316,\"height\":51,\"caption\":\"Auditand\"},\"image\":{\"@id\":\"https:\/\/www.auditand.com\/#\/schema\/logo\/image\/\"}}]}<\/script>\n<!-- \/ Yoast SEO Premium plugin. -->","yoast_head_json":{"title":"Pol\u00edtica de cookies - Auditand","robots":{"index":"index","follow":"follow","max-snippet":"max-snippet:-1","max-image-preview":"max-image-preview:large","max-video-preview":"max-video-preview:-1"},"canonical":"https:\/\/www.auditand.com\/politique-de-cookies\/","og_locale":"es_ES","og_type":"article","og_title":"Pol\u00edtica de cookies","og_description":"Pol\u00edtica de cookies FOUBERT LEYDET AUDITORES Y ECONOMISTAS ASOCIADOS SLU, en su web auditand.com, utiliza galletas propias o bien de empresas colaboradoras con el objeto de mejorar y optimizar la experiencia de usuario. Para que sean recogidas es necesario el consentimiento. Qu\u00e9 son las cookies? Las galletas o cookies son un tipo de fichero que se descarga al equipo de un usuario\/cliente del web con el fin de recoger datos que podr\u00e1n ser actualizadas y recuperadas por la entidad responsable de la instalaci\u00f3n. FOUBERT LEYDET AUDITORES Y ECONOMISTAS ASOCIADOS SLU utiliza galletas principalmente para las cuestiones siguientes: \u2022 Asegurar el funcionamiento correcto del sitio web de FOUBERT LEYDET AUDITORES Y ECONOMISTAS ASOCIADOS SLU. \u2022 Almacenar temporalmente la informaci\u00f3n relativa a las preferencias del usuario, como puede ser el idioma. La utilizaci\u00f3n de las galletas por parte de FOUBERT LEYDET AUDITORES Y ECONOMISTAS ASOCIADOS SLU se debe al prop\u00f3sito de intentar optimizar la informaci\u00f3n y los servicios ofrecidos a los usuarios, para mejorar la experiencia cada vez que se utilizan los servicios web. Qu\u00e9 datos se recogen? Las cookies utilizadas por FOUBERT LEYDET AUDITORES Y ECONOMISTAS ASOCIADOS SLU no se recoge ning\u00fan dato del cliente excepto la aceptaci\u00f3n de la pol\u00edtica [&hellip;]","og_url":"https:\/\/www.auditand.com\/politique-de-cookies\/","og_site_name":"Auditand","twitter_card":"summary_large_image","twitter_misc":{"Tiempo de lectura":"2 minutos"},"schema":{"@context":"https:\/\/schema.org","@graph":[{"@type":"WebPage","@id":"https:\/\/www.auditand.com\/politique-de-cookies\/","url":"https:\/\/www.auditand.com\/politique-de-cookies\/","name":"Pol\u00edtica de cookies - Auditand","isPartOf":{"@id":"https:\/\/www.auditand.com\/#website"},"datePublished":"2023-06-28T17:24:15+00:00","breadcrumb":{"@id":"https:\/\/www.auditand.com\/politique-de-cookies\/#breadcrumb"},"inLanguage":"es","potentialAction":[{"@type":"ReadAction","target":["https:\/\/www.auditand.com\/politique-de-cookies\/"]}]},{"@type":"BreadcrumbList","@id":"https:\/\/www.auditand.com\/politique-de-cookies\/#breadcrumb","itemListElement":[{"@type":"ListItem","position":1,"name":"Portada","item":"https:\/\/www.auditand.com\/en\/"},{"@type":"ListItem","position":2,"name":"Pol\u00edtica de cookies"}]},{"@type":"WebSite","@id":"https:\/\/www.auditand.com\/#website","url":"https:\/\/www.auditand.com\/","name":"Auditand","description":"Fiduciaire Leydet","publisher":{"@id":"https:\/\/www.auditand.com\/#organization"},"potentialAction":[{"@type":"SearchAction","target":{"@type":"EntryPoint","urlTemplate":"https:\/\/www.auditand.com\/?s={search_term_string}"},"query-input":{"@type":"PropertyValueSpecification","valueRequired":true,"valueName":"search_term_string"}}],"inLanguage":"es"},{"@type":"Organization","@id":"https:\/\/www.auditand.com\/#organization","name":"Auditand","url":"https:\/\/www.auditand.com\/","logo":{"@type":"ImageObject","inLanguage":"es","@id":"https:\/\/www.auditand.com\/#\/schema\/logo\/image\/","url":"https:\/\/www.auditand.com\/wp-content\/uploads\/2017\/01\/logo_auditand-1.png","contentUrl":"https:\/\/www.auditand.com\/wp-content\/uploads\/2017\/01\/logo_auditand-1.png","width":316,"height":51,"caption":"Auditand"},"image":{"@id":"https:\/\/www.auditand.com\/#\/schema\/logo\/image\/"}}]}},"_links":{"self":[{"href":"https:\/\/www.auditand.com\/es\/wp-json\/wp\/v2\/pages\/1284","targetHints":{"allow":["GET"]}}],"collection":[{"href":"https:\/\/www.auditand.com\/es\/wp-json\/wp\/v2\/pages"}],"about":[{"href":"https:\/\/www.auditand.com\/es\/wp-json\/wp\/v2\/types\/page"}],"author":[{"embeddable":true,"href":"https:\/\/www.auditand.com\/es\/wp-json\/wp\/v2\/users\/5"}],"replies":[{"embeddable":true,"href":"https:\/\/www.auditand.com\/es\/wp-json\/wp\/v2\/comments?post=1284"}],"version-history":[{"count":1,"href":"https:\/\/www.auditand.com\/es\/wp-json\/wp\/v2\/pages\/1284\/revisions"}],"predecessor-version":[{"id":1285,"href":"https:\/\/www.auditand.com\/es\/wp-json\/wp\/v2\/pages\/1284\/revisions\/1285"}],"wp:attachment":[{"href":"https:\/\/www.auditand.com\/es\/wp-json\/wp\/v2\/media?parent=1284"}],"curies":[{"name":"wp","href":"https:\/\/api.w.org\/{rel}","templated":true}]}}