{"id":18,"date":"2017-01-27T00:27:55","date_gmt":"2017-01-27T00:27:55","guid":{"rendered":"http:\/\/new.auditand.com\/?page_id=18"},"modified":"2022-04-11T11:14:58","modified_gmt":"2022-04-11T11:14:58","slug":"firma","status":"publish","type":"page","link":"https:\/\/www.auditand.com\/ca\/firma\/","title":{"rendered":"Firma"},"content":{"rendered":"<p>[vc_row bg_color=&#8221;#004b93&#8243; top_padding=&#8221;110&#8243; bottom_padding=&#8221;110&#8243;][vc_column width=&#8221;1\/1&#8243;]<h1 class=\"headline font-inherit fontsize-xxxxl fontweight-700 lh-12 align-left transform-inherit \" style=\"margin: 0; color: #ffffff;\">Auditand<\/h1><h1 class=\"headline font-inherit fontsize-xxxl fontweight-inherit lh-12 align-left transform-inherit \" style=\"margin: 0; color: #ffffff;\">Un equip de professionals<br \/>\nal seu abast<\/h1><div class=\"headline font-inherit fontsize-m fontweight-300 lh-12 align-left transform-inherit \" style=\"margin: 20px 0 0 0; color: #ffffff;\">Ens regim pels nostres valors i pilars: rigor, integritat i transpar\u00e8ncia.<br \/>\nL\u2019acompanyem en el cam\u00ed de creixement del seu negoci.<\/div>[\/vc_column][\/vc_row]<\/p>\n\n\n\n<div style=\"height:100px\" aria-hidden=\"true\" class=\"wp-block-spacer\"><\/div>\n\n\n<p>[vc_row type=&#8221;full_width_section&#8221; bg_image=&#8221;146&#8243; text_color=&#8221;custom&#8221; custom_text_color=&#8221;#ffffff&#8221;][vc_column bg_color=&#8221;#020202&#8243; bg_image=&#8221;264&#8243; column_padding=&#8221;padding-5&#8243; column_center=&#8221;true&#8221; width=&#8221;1\/3&#8243;]<div class=\"spacer\" style=\"height: 200px;\"><\/div>[\/vc_column][vc_column bg_color=&#8221;#004b93&#8243; column_padding=&#8221;padding-5&#8243; column_center=&#8221;true&#8221; width=&#8221;1\/3&#8243;][vc_column_text]<\/p>\n<h5>PROFESSIONALS<\/h5>\n<p>Experts Comptables, auditors i assessors fiscals. Som un equip de professionals al seu servei a Andorra.<br \/>\nApostem per la formaci\u00f3 continuada de tot l\u2019equip per mantenir l\u2019especialitzaci\u00f3 al m\u00e0xim nivell.[\/vc_column_text][\/vc_column][vc_column bg_image=&#8221;146&#8243; column_padding=&#8221;padding-5&#8243; column_center=&#8221;true&#8221; width=&#8221;1\/3&#8243;]<div class=\"spacer\" style=\"height: 200px;\"><\/div>[\/vc_column][\/vc_row]<\/p>\n\n\n<p>[vc_row top_padding=&#8221;90&#8243; bottom_padding=&#8221;55&#8243;][vc_column width=&#8221;1\/1&#8243;][vc_column_text]<\/p>\n<h1 style=\"text-align: center;\">AUDITAND, Experts Comptables i fiscals<\/h1>\n<p style=\"text-align: center; font-size: 24px; line-height: 32px;\">AUDITAND \u00e9s una firma d\u2019auditoria i d&#8217;expertesa comptable implantada al Principat d&#8217;Andorra,<br \/>\namb una \u00e0mplia i acreditada experi\u00e8ncia en l&#8217;\u00e0mbit fiscal local i internacional, comptable i d&#8217;assessorament.<br \/>\nL\u2019equip d\u2019AUDITAND es compon \u00fanicament de col\u00b7laboradors d\u2019alt nivell amb una dilatada traject\u00f2ria.<\/p>\n<p>[\/vc_column_text][\/vc_column][\/vc_row]<\/p>\n\n\n<p>[vc_row bottom_padding=&#8221;75&#8243;][vc_column width=&#8221;1\/3&#8243;][vc_column_text]<\/p>\n<h6>MISSI\u00d3<\/h6>\n<p>La nostra missi\u00f3 \u00e9s donar-li el millor consell, aportant seguretat i capacitat de projecci\u00f3 al seu negoci.<br \/>\nEl nostre \u00e8xit \u00e9s el del seu projecte.[\/vc_column_text][\/vc_column][vc_column width=&#8221;1\/3&#8243;][vc_column_text]<\/p>\n<h6>VISI\u00d3<\/h6>\n<p>Andorra, Fran\u00e7a i Espanya: la nostra visi\u00f3 de l&#8217;assessorament \u00e9s internacional amb un fort valor afegit en mat\u00e8ria de fiscalitat.[\/vc_column_text][\/vc_column][vc_column width=&#8221;1\/3&#8243;][vc_column_text]<\/p>\n<h6>FILOSOFIA<\/h6>\n<p>L&#8217;Expert Comptable assessora i acompanya els seus clients a llarg termini, amb \u00e8tica i professionalitat.<br \/>\nEl nostre equip posa per davant de tot la construcci\u00f3 d&#8217;una relaci\u00f3 de confian\u00e7a duradora amb els clients.[\/vc_column_text][\/vc_column][\/vc_row]<\/p>\n\n\n<p>[vc_row top_padding=&#8221;10&#8243; bottom_padding=&#8221;60&#8243;][vc_column el_class=&#8221;long_descand_button&#8221; width=&#8221;1\/6&#8243;][\/vc_column][vc_column column_center=&#8221;true&#8221; text_color=&#8221;custom&#8221; custom_text_color=&#8221;#1d1d1d&#8221; width=&#8221;2\/3&#8243;][vc_row_inner][vc_column_inner][vc_column_text]<\/p>\n<h3>Som un equip de professionals altament qualificats i especialistes en fiscalitat internacional.&nbsp; Estem preparats per adaptar-nos a les seves necessitats. Treballem plegats.<\/h3>\n<p>[\/vc_column_text][\/vc_column_inner][\/vc_row_inner][\/vc_column][vc_column width=&#8221;1\/6&#8243;][vc_column_text]<\/p>\n<div style=\"padding-top: 15px;\"><a href=\"https:\/\/www.auditand.com\/ca\/contacte\/\" target=\"_self\" class=\"button color-3 small \" style=\"border-radius: 2px;\">Contacti&#8217;ns ara<\/a><\/div>\n<p>[\/vc_column_text][\/vc_column][\/vc_row]<\/p>\n","protected":false},"excerpt":{"rendered":"[vc_row bg_color=\"#004b93\" top_padding=\"110\" bottom_padding=\"110\"][vc_column width=\"1\/1\"]AuditandUn equip de professionals al seu abastEns regim pels nostres valors i pilars: rigor, integritat i transpar\u00e8ncia. L\u2019acompanyem en el cam\u00ed de creixement del seu negoci.[\/vc_column][\/vc_row] [vc_row type=\"full_width_section\" bg_image=\"146\" text_color=\"custom\" custom_text_color=\"#ffffff\"][vc_column bg_color=\"#020202\" bg_image=\"264\" column_padding=\"padding-5\" column_center=\"true\" width=\"1\/3\"][\/vc_column][vc_column bg_color=\"#004b93\" column_padding=\"padding-5\" column_center=\"true\" width=\"1\/3\"][vc_column_text] PROFESSIONALS Experts Comptables, auditors i assessors fiscals. Som un equip de professionals al seu servei a Andorra. Apostem per la formaci\u00f3 continuada de tot l\u2019equip per mantenir l\u2019especialitzaci\u00f3 al m\u00e0xim nivell.[\/vc_column_text][\/vc_column][vc_column bg_image=\"146\" column_padding=\"padding-5\" column_center=\"true\" width=\"1\/3\"][\/vc_column][\/vc_row] [vc_row top_padding=\"90\" bottom_padding=\"55\"][vc_column width=\"1\/1\"][vc_column_text] AUDITAND, Experts Comptables i fiscals AUDITAND \u00e9s una firma d\u2019auditoria i d'expertesa comptable implantada al Principat d'Andorra, amb una \u00e0mplia i acreditada experi\u00e8ncia en l'\u00e0mbit fiscal local i internacional, comptable i d'assessorament. L\u2019equip d\u2019AUDITAND es compon \u00fanicament de col\u00b7laboradors d\u2019alt nivell amb una dilatada traject\u00f2ria. [\/vc_column_text][\/vc_column][\/vc_row] [vc_row bottom_padding=\"75\"][vc_column width=\"1\/3\"][vc_column_text] MISSI\u00d3 La nostra missi\u00f3 \u00e9s donar-li el millor consell, aportant seguretat i capacitat de projecci\u00f3 al seu negoci. El nostre \u00e8xit \u00e9s el del seu projecte.[\/vc_column_text][\/vc_column][vc_column width=\"1\/3\"][vc_column_text] VISI\u00d3 Andorra, Fran\u00e7a i Espanya: la nostra visi\u00f3 de l'assessorament \u00e9s internacional amb un fort valor afegit en mat\u00e8ria de fiscalitat.[\/vc_column_text][\/vc_column][vc_column width=\"1\/3\"][vc_column_text] FILOSOFIA L'Expert Comptable assessora i acompanya els seus clients a llarg termini, amb \u00e8tica i professionalitat. El nostre equip [...]","protected":false},"author":1,"featured_media":0,"parent":0,"menu_order":0,"comment_status":"closed","ping_status":"closed","template":"","meta":{"footnotes":""},"class_list":["post-18","page","type-page","status-publish","hentry"],"yoast_head":"<!-- This site is optimized with the Yoast SEO Premium plugin v21.8 (Yoast SEO v25.6) - https:\/\/yoast.com\/wordpress\/plugins\/seo\/ -->\n<title>Firma - Auditand<\/title>\n<meta name=\"robots\" content=\"index, follow, max-snippet:-1, max-image-preview:large, max-video-preview:-1\" \/>\n<link rel=\"canonical\" href=\"https:\/\/www.auditand.com\/ca\/firma\/\" \/>\n<meta property=\"og:locale\" content=\"ca_ES\" \/>\n<meta property=\"og:type\" content=\"article\" \/>\n<meta property=\"og:title\" content=\"Firma\" \/>\n<meta property=\"og:url\" content=\"https:\/\/www.auditand.com\/ca\/firma\/\" \/>\n<meta property=\"og:site_name\" content=\"Auditand\" \/>\n<meta property=\"article:modified_time\" content=\"2022-04-11T11:14:58+00:00\" \/>\n<meta name=\"twitter:card\" content=\"summary_large_image\" \/>\n<meta name=\"twitter:label1\" content=\"Temps estimat de lectura\" \/>\n\t<meta name=\"twitter:data1\" content=\"3 minuts\" \/>\n<script type=\"application\/ld+json\" class=\"yoast-schema-graph\">{\"@context\":\"https:\/\/schema.org\",\"@graph\":[{\"@type\":\"WebPage\",\"@id\":\"https:\/\/www.auditand.com\/ca\/firma\/\",\"url\":\"https:\/\/www.auditand.com\/ca\/firma\/\",\"name\":\"Firma - Auditand\",\"isPartOf\":{\"@id\":\"https:\/\/www.auditand.com\/#website\"},\"datePublished\":\"2017-01-27T00:27:55+00:00\",\"dateModified\":\"2022-04-11T11:14:58+00:00\",\"breadcrumb\":{\"@id\":\"https:\/\/www.auditand.com\/ca\/firma\/#breadcrumb\"},\"inLanguage\":\"ca\",\"potentialAction\":[{\"@type\":\"ReadAction\",\"target\":[\"https:\/\/www.auditand.com\/ca\/firma\/\"]}]},{\"@type\":\"BreadcrumbList\",\"@id\":\"https:\/\/www.auditand.com\/ca\/firma\/#breadcrumb\",\"itemListElement\":[{\"@type\":\"ListItem\",\"position\":1,\"name\":\"Portada\",\"item\":\"https:\/\/www.auditand.com\/en\/\"},{\"@type\":\"ListItem\",\"position\":2,\"name\":\"Firma\"}]},{\"@type\":\"WebSite\",\"@id\":\"https:\/\/www.auditand.com\/#website\",\"url\":\"https:\/\/www.auditand.com\/\",\"name\":\"Auditand\",\"description\":\"Fiduciaire Leydet\",\"publisher\":{\"@id\":\"https:\/\/www.auditand.com\/#organization\"},\"potentialAction\":[{\"@type\":\"SearchAction\",\"target\":{\"@type\":\"EntryPoint\",\"urlTemplate\":\"https:\/\/www.auditand.com\/?s={search_term_string}\"},\"query-input\":{\"@type\":\"PropertyValueSpecification\",\"valueRequired\":true,\"valueName\":\"search_term_string\"}}],\"inLanguage\":\"ca\"},{\"@type\":\"Organization\",\"@id\":\"https:\/\/www.auditand.com\/#organization\",\"name\":\"Auditand\",\"url\":\"https:\/\/www.auditand.com\/\",\"logo\":{\"@type\":\"ImageObject\",\"inLanguage\":\"ca\",\"@id\":\"https:\/\/www.auditand.com\/#\/schema\/logo\/image\/\",\"url\":\"https:\/\/www.auditand.com\/wp-content\/uploads\/2017\/01\/logo_auditand-1.png\",\"contentUrl\":\"https:\/\/www.auditand.com\/wp-content\/uploads\/2017\/01\/logo_auditand-1.png\",\"width\":316,\"height\":51,\"caption\":\"Auditand\"},\"image\":{\"@id\":\"https:\/\/www.auditand.com\/#\/schema\/logo\/image\/\"}}]}<\/script>\n<!-- \/ Yoast SEO Premium plugin. -->","yoast_head_json":{"title":"Firma - Auditand","robots":{"index":"index","follow":"follow","max-snippet":"max-snippet:-1","max-image-preview":"max-image-preview:large","max-video-preview":"max-video-preview:-1"},"canonical":"https:\/\/www.auditand.com\/ca\/firma\/","og_locale":"ca_ES","og_type":"article","og_title":"Firma","og_url":"https:\/\/www.auditand.com\/ca\/firma\/","og_site_name":"Auditand","article_modified_time":"2022-04-11T11:14:58+00:00","twitter_card":"summary_large_image","twitter_misc":{"Temps estimat de lectura":"3 minuts"},"schema":{"@context":"https:\/\/schema.org","@graph":[{"@type":"WebPage","@id":"https:\/\/www.auditand.com\/ca\/firma\/","url":"https:\/\/www.auditand.com\/ca\/firma\/","name":"Firma - Auditand","isPartOf":{"@id":"https:\/\/www.auditand.com\/#website"},"datePublished":"2017-01-27T00:27:55+00:00","dateModified":"2022-04-11T11:14:58+00:00","breadcrumb":{"@id":"https:\/\/www.auditand.com\/ca\/firma\/#breadcrumb"},"inLanguage":"ca","potentialAction":[{"@type":"ReadAction","target":["https:\/\/www.auditand.com\/ca\/firma\/"]}]},{"@type":"BreadcrumbList","@id":"https:\/\/www.auditand.com\/ca\/firma\/#breadcrumb","itemListElement":[{"@type":"ListItem","position":1,"name":"Portada","item":"https:\/\/www.auditand.com\/en\/"},{"@type":"ListItem","position":2,"name":"Firma"}]},{"@type":"WebSite","@id":"https:\/\/www.auditand.com\/#website","url":"https:\/\/www.auditand.com\/","name":"Auditand","description":"Fiduciaire Leydet","publisher":{"@id":"https:\/\/www.auditand.com\/#organization"},"potentialAction":[{"@type":"SearchAction","target":{"@type":"EntryPoint","urlTemplate":"https:\/\/www.auditand.com\/?s={search_term_string}"},"query-input":{"@type":"PropertyValueSpecification","valueRequired":true,"valueName":"search_term_string"}}],"inLanguage":"ca"},{"@type":"Organization","@id":"https:\/\/www.auditand.com\/#organization","name":"Auditand","url":"https:\/\/www.auditand.com\/","logo":{"@type":"ImageObject","inLanguage":"ca","@id":"https:\/\/www.auditand.com\/#\/schema\/logo\/image\/","url":"https:\/\/www.auditand.com\/wp-content\/uploads\/2017\/01\/logo_auditand-1.png","contentUrl":"https:\/\/www.auditand.com\/wp-content\/uploads\/2017\/01\/logo_auditand-1.png","width":316,"height":51,"caption":"Auditand"},"image":{"@id":"https:\/\/www.auditand.com\/#\/schema\/logo\/image\/"}}]}},"_links":{"self":[{"href":"https:\/\/www.auditand.com\/ca\/wp-json\/wp\/v2\/pages\/18","targetHints":{"allow":["GET"]}}],"collection":[{"href":"https:\/\/www.auditand.com\/ca\/wp-json\/wp\/v2\/pages"}],"about":[{"href":"https:\/\/www.auditand.com\/ca\/wp-json\/wp\/v2\/types\/page"}],"author":[{"embeddable":true,"href":"https:\/\/www.auditand.com\/ca\/wp-json\/wp\/v2\/users\/1"}],"replies":[{"embeddable":true,"href":"https:\/\/www.auditand.com\/ca\/wp-json\/wp\/v2\/comments?post=18"}],"version-history":[{"count":100,"href":"https:\/\/www.auditand.com\/ca\/wp-json\/wp\/v2\/pages\/18\/revisions"}],"predecessor-version":[{"id":1179,"href":"https:\/\/www.auditand.com\/ca\/wp-json\/wp\/v2\/pages\/18\/revisions\/1179"}],"wp:attachment":[{"href":"https:\/\/www.auditand.com\/ca\/wp-json\/wp\/v2\/media?parent=18"}],"curies":[{"name":"wp","href":"https:\/\/api.w.org\/{rel}","templated":true}]}}