{"id":1279,"date":"2023-06-28T17:21:10","date_gmt":"2023-06-28T17:21:10","guid":{"rendered":"https:\/\/www.auditand.com\/?page_id=1279"},"modified":"2023-06-28T17:22:29","modified_gmt":"2023-06-28T17:22:29","slug":"politica-de-cookies","status":"publish","type":"page","link":"https:\/\/www.auditand.com\/ca\/politica-de-cookies\/","title":{"rendered":"Pol\u00edtica de cookies"},"content":{"rendered":"\t\t<div data-elementor-type=\"wp-page\" data-elementor-id=\"1279\" class=\"elementor elementor-1279\" data-elementor-post-type=\"page\">\n\t\t\t\t\t\t<section class=\"elementor-section elementor-top-section elementor-element elementor-element-2b46493 elementor-section-boxed elementor-section-height-default elementor-section-height-default\" data-id=\"2b46493\" data-element_type=\"section\">\n\t\t\t\t\t\t<div class=\"elementor-container elementor-column-gap-default\">\n\t\t\t\t\t<div class=\"elementor-column elementor-col-100 elementor-top-column elementor-element elementor-element-4c303c7\" data-id=\"4c303c7\" data-element_type=\"column\">\n\t\t\t<div class=\"elementor-widget-wrap elementor-element-populated\">\n\t\t\t\t\t\t<div class=\"elementor-element elementor-element-1b24219 elementor-widget elementor-widget-heading\" data-id=\"1b24219\" data-element_type=\"widget\" data-widget_type=\"heading.default\">\n\t\t\t\t<div class=\"elementor-widget-container\">\n\t\t\t\t\t<h2 class=\"elementor-heading-title elementor-size-default\">Pol\u00edtica de cookies<\/h2>\t\t\t\t<\/div>\n\t\t\t\t<\/div>\n\t\t\t\t\t<\/div>\n\t\t<\/div>\n\t\t\t\t\t<\/div>\n\t\t<\/section>\n\t\t\t\t<section class=\"elementor-section elementor-top-section elementor-element elementor-element-80b9bcd elementor-section-boxed elementor-section-height-default elementor-section-height-default\" data-id=\"80b9bcd\" data-element_type=\"section\">\n\t\t\t\t\t\t<div class=\"elementor-container elementor-column-gap-default\">\n\t\t\t\t\t<div class=\"elementor-column elementor-col-100 elementor-top-column elementor-element elementor-element-0f49b91\" data-id=\"0f49b91\" data-element_type=\"column\">\n\t\t\t<div class=\"elementor-widget-wrap elementor-element-populated\">\n\t\t\t\t\t\t<div class=\"elementor-element elementor-element-5dd4145 elementor-widget elementor-widget-text-editor\" data-id=\"5dd4145\" data-element_type=\"widget\" data-widget_type=\"text-editor.default\">\n\t\t\t\t<div class=\"elementor-widget-container\">\n\t\t\t\t\t\t\t\t\t<p>FOUBERT LEYDET AUDITORS I ECONOMISTES ASSOCIATS SLU, en el seu web auditand.com, utilitza galetes pr\u00f2pies o b\u00e9 d\u2019empreses col\u00b7laboradores amb l\u2019objecte de millorar i optimitzar l\u2019experi\u00e8ncia d\u2019usuari. Per tal que siguin recollides n\u2019\u00e9s necessari el consentiment.<\/p><p><b>\nQu\u00e8 s\u00f3n les cookies?<br><\/b>\nLes galetes o cookies s\u00f3n un tipus de fitxer que es descarrega a l\u2019equip d\u2019un usuari\/client del web amb la finalitat de recollir dades que podran ser actualitzades i recuperades per l\u2019entitat responsable de la instal\u00b7laci\u00f3. FOUBERT LEYDET AUDITORS I ECONOMISTES ASSOCIATS SLU utilitza galetes principalment per a les q\u00fcestions seg\u00fcents:<br>\n\u2022\tAssegurar el funcionament correcte del lloc web de FOUBERT LEYDET AUDITORS I ECONOMISTES ASSOCIATS SLU.<br>\n\u2022\tEmmagatzemar temporalment la informaci\u00f3 relativa a les prefer\u00e8ncies de l\u2019usuari, com pot ser l\u2019idioma.<br>\nLa utilitzaci\u00f3 de les galetes per part de FOUBERT LEYDET AUDITORS I ECONOMISTES ASSOCIATS SLU es deu al prop\u00f2sit d\u2019intentar optimitzar la informaci\u00f3 i els serveis oferts als usuaris, per millorar l\u2019experi\u00e8ncia cada cop que s\u2019utilitzen els serveis web.<\/p><p><b>\nQuines dades es recullen?<br><\/b>\nLes cookies utilitzades per FOUBERT LEYDET AUDITORS I ECONOMISTES ASSOCIATS SLU no es recull cap dada del client excepte l&#8217;acceptaci\u00f3 de la pol\u00edtica de cookies, en cas de ser acceptada.<br>\nTipus de galetes utilitzades, responsables, termini de conservaci\u00f3 i destinataris<br>\nLes galetes utilitzades per FOUBERT LEYDET AUDITORS I ECONOMISTES ASSOCIATS SLU s\u00f3n les seg\u00fcents:<\/p><p>\nCookie de sessi\u00f3:<\/p>\n<p>Finalitat: Permet conservar les prefer\u00e8ncies de navegaci\u00f3 durant la visita de l&#8217;usuari al lloc web de FOUBERT LEYDET AUDITORS I ECONOMISTES ASSOCIATS SLU com l&#8217;idioma, l&#8217;autenticaci\u00f3 a la zona privada si hi fos. No s&#8217;hi conserva cap dada de l&#8217;usuari, \u00fanicament el codi de sessi\u00f3 assignat en entrar al lloc web.<br>\nDurada conservaci\u00f3: 120 minuts en no detectar cap activitat.<br>\nDestinataris: Cap.<br>\nCookie encriptada: S\u00ed.<\/p>\n<p>Finalitat: Permet protegir tant l&#8217;usuari com el lloc web contra atacs CSRF.<br>\nDurada conservaci\u00f3: Durant el per\u00edode de navegaci\u00f3 al lloc web.<br>\nDestinataris: Cap.<br>\nCookie encriptada: S\u00ed.<\/p>\n<p>Finalitat: Desactivar el bloc de pol\u00edtica de cookies en cas que l&#8217;usuari l&#8217;hagi acceptat per permetre una navegaci\u00f3 m\u00e9s flu\u00efda.<br>\nDurada conservaci\u00f3: 180 dies m\u00e0xim.<br>\nDestinataris: Cap.<br>\nCookie encriptada: S\u00ed.<\/p>\t\t\t\t\t\t\t\t<\/div>\n\t\t\t\t<\/div>\n\t\t\t\t\t<\/div>\n\t\t<\/div>\n\t\t\t\t\t<\/div>\n\t\t<\/section>\n\t\t\t\t<\/div>\n\t\t","protected":false},"excerpt":{"rendered":"<p>Pol\u00edtica de cookies FOUBERT LEYDET AUDITORS I ECONOMISTES ASSOCIATS SLU, en el seu web auditand.com, utilitza galetes pr\u00f2pies o b\u00e9 d\u2019empreses col\u00b7laboradores amb l\u2019objecte de millorar i optimitzar l\u2019experi\u00e8ncia d\u2019usuari. Per tal que siguin recollides n\u2019\u00e9s necessari el consentiment. Qu\u00e8 s\u00f3n les cookies? Les galetes o cookies s\u00f3n un tipus de fitxer que es descarrega a l\u2019equip d\u2019un usuari\/client del web amb la finalitat de recollir dades que podran ser actualitzades i recuperades per l\u2019entitat responsable de la instal\u00b7laci\u00f3. FOUBERT LEYDET AUDITORS I ECONOMISTES ASSOCIATS SLU utilitza galetes principalment per a les q\u00fcestions seg\u00fcents: \u2022 Assegurar el funcionament correcte del lloc web de FOUBERT LEYDET AUDITORS I ECONOMISTES ASSOCIATS SLU. \u2022 Emmagatzemar temporalment la informaci\u00f3 relativa a les prefer\u00e8ncies de l\u2019usuari, com pot ser l\u2019idioma. La utilitzaci\u00f3 de les galetes per part de FOUBERT LEYDET AUDITORS I ECONOMISTES ASSOCIATS SLU es deu al prop\u00f2sit d\u2019intentar optimitzar la informaci\u00f3 i els serveis oferts als usuaris, per millorar l\u2019experi\u00e8ncia cada cop que s\u2019utilitzen els serveis web. Quines dades es recullen? Les cookies utilitzades per FOUBERT LEYDET AUDITORS I ECONOMISTES ASSOCIATS SLU no es recull cap dada del client excepte l&#8217;acceptaci\u00f3 de la pol\u00edtica de cookies, en cas de ser acceptada. Tipus de [&hellip;]<\/p>\n","protected":false},"author":5,"featured_media":0,"parent":0,"menu_order":0,"comment_status":"closed","ping_status":"closed","template":"","meta":{"footnotes":""},"class_list":["post-1279","page","type-page","status-publish","hentry"],"yoast_head":"<!-- This site is optimized with the Yoast SEO Premium plugin v21.8 (Yoast SEO v25.6) - https:\/\/yoast.com\/wordpress\/plugins\/seo\/ -->\n<title>Pol\u00edtica de cookies - Auditand<\/title>\n<meta name=\"robots\" content=\"index, follow, max-snippet:-1, max-image-preview:large, max-video-preview:-1\" \/>\n<link rel=\"canonical\" href=\"https:\/\/www.auditand.com\/ca\/politica-de-cookies\/\" \/>\n<meta property=\"og:locale\" content=\"ca_ES\" \/>\n<meta property=\"og:type\" content=\"article\" \/>\n<meta property=\"og:title\" content=\"Pol\u00edtica de cookies\" \/>\n<meta property=\"og:description\" content=\"Pol\u00edtica de cookies FOUBERT LEYDET AUDITORS I ECONOMISTES ASSOCIATS SLU, en el seu web auditand.com, utilitza galetes pr\u00f2pies o b\u00e9 d\u2019empreses col\u00b7laboradores amb l\u2019objecte de millorar i optimitzar l\u2019experi\u00e8ncia d\u2019usuari. Per tal que siguin recollides n\u2019\u00e9s necessari el consentiment. Qu\u00e8 s\u00f3n les cookies? Les galetes o cookies s\u00f3n un tipus de fitxer que es descarrega a l\u2019equip d\u2019un usuari\/client del web amb la finalitat de recollir dades que podran ser actualitzades i recuperades per l\u2019entitat responsable de la instal\u00b7laci\u00f3. FOUBERT LEYDET AUDITORS I ECONOMISTES ASSOCIATS SLU utilitza galetes principalment per a les q\u00fcestions seg\u00fcents: \u2022 Assegurar el funcionament correcte del lloc web de FOUBERT LEYDET AUDITORS I ECONOMISTES ASSOCIATS SLU. \u2022 Emmagatzemar temporalment la informaci\u00f3 relativa a les prefer\u00e8ncies de l\u2019usuari, com pot ser l\u2019idioma. La utilitzaci\u00f3 de les galetes per part de FOUBERT LEYDET AUDITORS I ECONOMISTES ASSOCIATS SLU es deu al prop\u00f2sit d\u2019intentar optimitzar la informaci\u00f3 i els serveis oferts als usuaris, per millorar l\u2019experi\u00e8ncia cada cop que s\u2019utilitzen els serveis web. Quines dades es recullen? Les cookies utilitzades per FOUBERT LEYDET AUDITORS I ECONOMISTES ASSOCIATS SLU no es recull cap dada del client excepte l&#8217;acceptaci\u00f3 de la pol\u00edtica de cookies, en cas de ser acceptada. Tipus de [&hellip;]\" \/>\n<meta property=\"og:url\" content=\"https:\/\/www.auditand.com\/ca\/politica-de-cookies\/\" \/>\n<meta property=\"og:site_name\" content=\"Auditand\" \/>\n<meta property=\"article:modified_time\" content=\"2023-06-28T17:22:29+00:00\" \/>\n<meta name=\"twitter:card\" content=\"summary_large_image\" \/>\n<meta name=\"twitter:label1\" content=\"Temps estimat de lectura\" \/>\n\t<meta name=\"twitter:data1\" content=\"2 minuts\" \/>\n<script type=\"application\/ld+json\" class=\"yoast-schema-graph\">{\"@context\":\"https:\/\/schema.org\",\"@graph\":[{\"@type\":\"WebPage\",\"@id\":\"https:\/\/www.auditand.com\/ca\/politica-de-cookies\/\",\"url\":\"https:\/\/www.auditand.com\/ca\/politica-de-cookies\/\",\"name\":\"Pol\u00edtica de cookies - Auditand\",\"isPartOf\":{\"@id\":\"https:\/\/www.auditand.com\/#website\"},\"datePublished\":\"2023-06-28T17:21:10+00:00\",\"dateModified\":\"2023-06-28T17:22:29+00:00\",\"breadcrumb\":{\"@id\":\"https:\/\/www.auditand.com\/ca\/politica-de-cookies\/#breadcrumb\"},\"inLanguage\":\"ca\",\"potentialAction\":[{\"@type\":\"ReadAction\",\"target\":[\"https:\/\/www.auditand.com\/ca\/politica-de-cookies\/\"]}]},{\"@type\":\"BreadcrumbList\",\"@id\":\"https:\/\/www.auditand.com\/ca\/politica-de-cookies\/#breadcrumb\",\"itemListElement\":[{\"@type\":\"ListItem\",\"position\":1,\"name\":\"Portada\",\"item\":\"https:\/\/www.auditand.com\/en\/\"},{\"@type\":\"ListItem\",\"position\":2,\"name\":\"Pol\u00edtica de cookies\"}]},{\"@type\":\"WebSite\",\"@id\":\"https:\/\/www.auditand.com\/#website\",\"url\":\"https:\/\/www.auditand.com\/\",\"name\":\"Auditand\",\"description\":\"Fiduciaire Leydet\",\"publisher\":{\"@id\":\"https:\/\/www.auditand.com\/#organization\"},\"potentialAction\":[{\"@type\":\"SearchAction\",\"target\":{\"@type\":\"EntryPoint\",\"urlTemplate\":\"https:\/\/www.auditand.com\/?s={search_term_string}\"},\"query-input\":{\"@type\":\"PropertyValueSpecification\",\"valueRequired\":true,\"valueName\":\"search_term_string\"}}],\"inLanguage\":\"ca\"},{\"@type\":\"Organization\",\"@id\":\"https:\/\/www.auditand.com\/#organization\",\"name\":\"Auditand\",\"url\":\"https:\/\/www.auditand.com\/\",\"logo\":{\"@type\":\"ImageObject\",\"inLanguage\":\"ca\",\"@id\":\"https:\/\/www.auditand.com\/#\/schema\/logo\/image\/\",\"url\":\"https:\/\/www.auditand.com\/wp-content\/uploads\/2017\/01\/logo_auditand-1.png\",\"contentUrl\":\"https:\/\/www.auditand.com\/wp-content\/uploads\/2017\/01\/logo_auditand-1.png\",\"width\":316,\"height\":51,\"caption\":\"Auditand\"},\"image\":{\"@id\":\"https:\/\/www.auditand.com\/#\/schema\/logo\/image\/\"}}]}<\/script>\n<!-- \/ Yoast SEO Premium plugin. -->","yoast_head_json":{"title":"Pol\u00edtica de cookies - Auditand","robots":{"index":"index","follow":"follow","max-snippet":"max-snippet:-1","max-image-preview":"max-image-preview:large","max-video-preview":"max-video-preview:-1"},"canonical":"https:\/\/www.auditand.com\/ca\/politica-de-cookies\/","og_locale":"ca_ES","og_type":"article","og_title":"Pol\u00edtica de cookies","og_description":"Pol\u00edtica de cookies FOUBERT LEYDET AUDITORS I ECONOMISTES ASSOCIATS SLU, en el seu web auditand.com, utilitza galetes pr\u00f2pies o b\u00e9 d\u2019empreses col\u00b7laboradores amb l\u2019objecte de millorar i optimitzar l\u2019experi\u00e8ncia d\u2019usuari. Per tal que siguin recollides n\u2019\u00e9s necessari el consentiment. Qu\u00e8 s\u00f3n les cookies? Les galetes o cookies s\u00f3n un tipus de fitxer que es descarrega a l\u2019equip d\u2019un usuari\/client del web amb la finalitat de recollir dades que podran ser actualitzades i recuperades per l\u2019entitat responsable de la instal\u00b7laci\u00f3. FOUBERT LEYDET AUDITORS I ECONOMISTES ASSOCIATS SLU utilitza galetes principalment per a les q\u00fcestions seg\u00fcents: \u2022 Assegurar el funcionament correcte del lloc web de FOUBERT LEYDET AUDITORS I ECONOMISTES ASSOCIATS SLU. \u2022 Emmagatzemar temporalment la informaci\u00f3 relativa a les prefer\u00e8ncies de l\u2019usuari, com pot ser l\u2019idioma. La utilitzaci\u00f3 de les galetes per part de FOUBERT LEYDET AUDITORS I ECONOMISTES ASSOCIATS SLU es deu al prop\u00f2sit d\u2019intentar optimitzar la informaci\u00f3 i els serveis oferts als usuaris, per millorar l\u2019experi\u00e8ncia cada cop que s\u2019utilitzen els serveis web. Quines dades es recullen? Les cookies utilitzades per FOUBERT LEYDET AUDITORS I ECONOMISTES ASSOCIATS SLU no es recull cap dada del client excepte l&#8217;acceptaci\u00f3 de la pol\u00edtica de cookies, en cas de ser acceptada. Tipus de [&hellip;]","og_url":"https:\/\/www.auditand.com\/ca\/politica-de-cookies\/","og_site_name":"Auditand","article_modified_time":"2023-06-28T17:22:29+00:00","twitter_card":"summary_large_image","twitter_misc":{"Temps estimat de lectura":"2 minuts"},"schema":{"@context":"https:\/\/schema.org","@graph":[{"@type":"WebPage","@id":"https:\/\/www.auditand.com\/ca\/politica-de-cookies\/","url":"https:\/\/www.auditand.com\/ca\/politica-de-cookies\/","name":"Pol\u00edtica de cookies - Auditand","isPartOf":{"@id":"https:\/\/www.auditand.com\/#website"},"datePublished":"2023-06-28T17:21:10+00:00","dateModified":"2023-06-28T17:22:29+00:00","breadcrumb":{"@id":"https:\/\/www.auditand.com\/ca\/politica-de-cookies\/#breadcrumb"},"inLanguage":"ca","potentialAction":[{"@type":"ReadAction","target":["https:\/\/www.auditand.com\/ca\/politica-de-cookies\/"]}]},{"@type":"BreadcrumbList","@id":"https:\/\/www.auditand.com\/ca\/politica-de-cookies\/#breadcrumb","itemListElement":[{"@type":"ListItem","position":1,"name":"Portada","item":"https:\/\/www.auditand.com\/en\/"},{"@type":"ListItem","position":2,"name":"Pol\u00edtica de cookies"}]},{"@type":"WebSite","@id":"https:\/\/www.auditand.com\/#website","url":"https:\/\/www.auditand.com\/","name":"Auditand","description":"Fiduciaire Leydet","publisher":{"@id":"https:\/\/www.auditand.com\/#organization"},"potentialAction":[{"@type":"SearchAction","target":{"@type":"EntryPoint","urlTemplate":"https:\/\/www.auditand.com\/?s={search_term_string}"},"query-input":{"@type":"PropertyValueSpecification","valueRequired":true,"valueName":"search_term_string"}}],"inLanguage":"ca"},{"@type":"Organization","@id":"https:\/\/www.auditand.com\/#organization","name":"Auditand","url":"https:\/\/www.auditand.com\/","logo":{"@type":"ImageObject","inLanguage":"ca","@id":"https:\/\/www.auditand.com\/#\/schema\/logo\/image\/","url":"https:\/\/www.auditand.com\/wp-content\/uploads\/2017\/01\/logo_auditand-1.png","contentUrl":"https:\/\/www.auditand.com\/wp-content\/uploads\/2017\/01\/logo_auditand-1.png","width":316,"height":51,"caption":"Auditand"},"image":{"@id":"https:\/\/www.auditand.com\/#\/schema\/logo\/image\/"}}]}},"_links":{"self":[{"href":"https:\/\/www.auditand.com\/ca\/wp-json\/wp\/v2\/pages\/1279","targetHints":{"allow":["GET"]}}],"collection":[{"href":"https:\/\/www.auditand.com\/ca\/wp-json\/wp\/v2\/pages"}],"about":[{"href":"https:\/\/www.auditand.com\/ca\/wp-json\/wp\/v2\/types\/page"}],"author":[{"embeddable":true,"href":"https:\/\/www.auditand.com\/ca\/wp-json\/wp\/v2\/users\/5"}],"replies":[{"embeddable":true,"href":"https:\/\/www.auditand.com\/ca\/wp-json\/wp\/v2\/comments?post=1279"}],"version-history":[{"count":4,"href":"https:\/\/www.auditand.com\/ca\/wp-json\/wp\/v2\/pages\/1279\/revisions"}],"predecessor-version":[{"id":1283,"href":"https:\/\/www.auditand.com\/ca\/wp-json\/wp\/v2\/pages\/1279\/revisions\/1283"}],"wp:attachment":[{"href":"https:\/\/www.auditand.com\/ca\/wp-json\/wp\/v2\/media?parent=1279"}],"curies":[{"name":"wp","href":"https:\/\/api.w.org\/{rel}","templated":true}]}}